{"id":717114,"date":"2024-10-15T18:13:10","date_gmt":"2024-10-15T16:13:10","guid":{"rendered":"https:\/\/streetmarkets.fr\/app\/produit\/maison-hotel-chemise-wandering-star-beth-sapphire\/"},"modified":"2024-10-15T18:13:52","modified_gmt":"2024-10-15T16:13:52","slug":"maison-hotel-chemise-wandering-star-beth-sapphire","status":"publish","type":"product","link":"https:\/\/streetmarkets.fr\/app\/produit\/maison-hotel-chemise-wandering-star-beth-sapphire\/","title":{"rendered":"Maison Hotel &#8211; Chemise WANDERING STAR BETH- Sapphire"},"content":{"rendered":"<p>Le chemisier Beth en Wandering Sapphire.<\/p>\n<p>&nbsp;<\/p>\n<p>Confectionn\u00e9 en cr\u00eape de coton rustique, le chemisier boutonn\u00e9 pr\u00e9sente une riche broderie \u00e0 bordure le long de l&#8217;encolure, du centre et des poignets, culminant en un motif de broderie en mosa\u00efque sur les \u00e9paules et dans le dos.<\/p>\n<p>Composition<\/p>\n<p>100% Cotton<\/p>\n<p>&#8211; Taille normalement &#8211; choisissez votre taille habituelle.<\/p>\n<p>&#8211; Si vous \u00eates entre deux tailles, choisissez la petite taille.<\/p>\n<p>&#8211; Le mannequin mesure 1,77 cm et porte une taille S.<\/p>\n","protected":false},"excerpt":{"rendered":"<p>Le chemisier Beth en Wandering Sapphire. &nbsp; Confectionn\u00e9 en cr\u00eape de coton rustique, le chemisier boutonn\u00e9 pr\u00e9sente une riche broderie \u00e0 bordure le long de l&#8217;encolure, du centre et des poignets, culminant en un motif de broderie en mosa\u00efque sur les \u00e9paules et dans le dos. Composition 100% Cotton &#8211; Taille normalement &#8211; choisissez votre [&hellip;]<\/p>\n","protected":false},"featured_media":717115,"comment_status":"open","ping_status":"closed","template":"","meta":[],"product_brand":[],"product_cat":[1756,1758],"product_tag":[2244],"acf":[],"_links":{"self":[{"href":"https:\/\/streetmarkets.fr\/app\/wp-json\/wp\/v2\/product\/717114"}],"collection":[{"href":"https:\/\/streetmarkets.fr\/app\/wp-json\/wp\/v2\/product"}],"about":[{"href":"https:\/\/streetmarkets.fr\/app\/wp-json\/wp\/v2\/types\/product"}],"replies":[{"embeddable":true,"href":"https:\/\/streetmarkets.fr\/app\/wp-json\/wp\/v2\/comments?post=717114"}],"wp:featuredmedia":[{"embeddable":true,"href":"https:\/\/streetmarkets.fr\/app\/wp-json\/wp\/v2\/media\/717115"}],"wp:attachment":[{"href":"https:\/\/streetmarkets.fr\/app\/wp-json\/wp\/v2\/media?parent=717114"}],"wp:term":[{"taxonomy":"product_brand","embeddable":true,"href":"https:\/\/streetmarkets.fr\/app\/wp-json\/wp\/v2\/product_brand?post=717114"},{"taxonomy":"product_cat","embeddable":true,"href":"https:\/\/streetmarkets.fr\/app\/wp-json\/wp\/v2\/product_cat?post=717114"},{"taxonomy":"product_tag","embeddable":true,"href":"https:\/\/streetmarkets.fr\/app\/wp-json\/wp\/v2\/product_tag?post=717114"}],"curies":[{"name":"wp","href":"https:\/\/api.w.org\/{rel}","templated":true}]}}