{"id":716839,"date":"2024-10-15T18:12:36","date_gmt":"2024-10-15T16:12:36","guid":{"rendered":"https:\/\/streetmarkets.fr\/app\/produit\/mschvendia-top-noir\/"},"modified":"2024-10-15T18:13:01","modified_gmt":"2024-10-15T16:13:01","slug":"mschvendia-top-noir","status":"publish","type":"product","link":"https:\/\/streetmarkets.fr\/app\/produit\/mschvendia-top-noir\/","title":{"rendered":"MSCHVendia Top Noir"},"content":{"rendered":"<p>Top Noir<\/p>\n<p>MSCH strat\u00e9gie \u00e9co-responsable \u00e9volue en permanence en fonction des nouvelles mesures ou innovations industrielles que nous pouvons mettre en \u0153uvre pour pr\u00e9server la plan\u00e8te et ses ressources naturelles.<\/p>\n<p>&nbsp;<\/p>\n<p>MSCH Copenhagen s&#8217;engage \u00e0 minimiser l&#8217;empreinte laiss\u00e9e par nos v\u00eatements, mais en tant qu&#8217;entreprise qui valorise grandement la transparence et la responsabilit\u00e9, nous ne voulons pas nous identifier comme une marque durable car la r\u00e9alit\u00e9 est que l&#8217;industrie de la mode n&#8217;est pas durable et probablement jamais le sera compl\u00e8tement.<\/p>\n<p>&nbsp;<\/p>\n<p>Au lieu de cela, nous travaillons \u00e0 r\u00e9duire autant que possible notre impact sur le climat.<\/p>\n<p>&nbsp;<\/p>\n<p>95%Coton 5% Elasthan<\/p>\n","protected":false},"excerpt":{"rendered":"<p>Top Noir MSCH strat\u00e9gie \u00e9co-responsable \u00e9volue en permanence en fonction des nouvelles mesures ou innovations industrielles que nous pouvons mettre en \u0153uvre pour pr\u00e9server la plan\u00e8te et ses ressources naturelles. &nbsp; MSCH Copenhagen s&#8217;engage \u00e0 minimiser l&#8217;empreinte laiss\u00e9e par nos v\u00eatements, mais en tant qu&#8217;entreprise qui valorise grandement la transparence et la responsabilit\u00e9, nous ne [&hellip;]<\/p>\n","protected":false},"featured_media":716840,"comment_status":"open","ping_status":"closed","template":"","meta":[],"product_brand":[],"product_cat":[1756,1758],"product_tag":[],"acf":[],"_links":{"self":[{"href":"https:\/\/streetmarkets.fr\/app\/wp-json\/wp\/v2\/product\/716839"}],"collection":[{"href":"https:\/\/streetmarkets.fr\/app\/wp-json\/wp\/v2\/product"}],"about":[{"href":"https:\/\/streetmarkets.fr\/app\/wp-json\/wp\/v2\/types\/product"}],"replies":[{"embeddable":true,"href":"https:\/\/streetmarkets.fr\/app\/wp-json\/wp\/v2\/comments?post=716839"}],"wp:featuredmedia":[{"embeddable":true,"href":"https:\/\/streetmarkets.fr\/app\/wp-json\/wp\/v2\/media\/716840"}],"wp:attachment":[{"href":"https:\/\/streetmarkets.fr\/app\/wp-json\/wp\/v2\/media?parent=716839"}],"wp:term":[{"taxonomy":"product_brand","embeddable":true,"href":"https:\/\/streetmarkets.fr\/app\/wp-json\/wp\/v2\/product_brand?post=716839"},{"taxonomy":"product_cat","embeddable":true,"href":"https:\/\/streetmarkets.fr\/app\/wp-json\/wp\/v2\/product_cat?post=716839"},{"taxonomy":"product_tag","embeddable":true,"href":"https:\/\/streetmarkets.fr\/app\/wp-json\/wp\/v2\/product_tag?post=716839"}],"curies":[{"name":"wp","href":"https:\/\/api.w.org\/{rel}","templated":true}]}}