{"id":716758,"date":"2024-10-15T18:12:33","date_gmt":"2024-10-15T16:12:33","guid":{"rendered":"https:\/\/streetmarkets.fr\/app\/produit\/compania-fantastica-jupe-en-tricot-a-imprime-ecossais\/"},"modified":"2024-10-15T18:13:01","modified_gmt":"2024-10-15T16:13:01","slug":"compania-fantastica-jupe-en-tricot-a-imprime-ecossais","status":"publish","type":"product","link":"https:\/\/streetmarkets.fr\/app\/produit\/compania-fantastica-jupe-en-tricot-a-imprime-ecossais\/","title":{"rendered":"COMPANIA FANTASTICA &#8211; Jupe en tricot \u00e0 imprim\u00e9 \u00e9cossais"},"content":{"rendered":"<p>Jupe courte en maille \u00e0 carreaux bleu marine, rose et blanc. Taille mi-haute \u00e9lastique.<\/p>\n<p>43C\/10218<\/p>\n<p>&nbsp;<\/p>\n<p>58% Acrylic &nbsp;<\/p>\n<p>27%Viscose &nbsp;<\/p>\n<p>15% Polymaide<\/p>\n","protected":false},"excerpt":{"rendered":"<p>Jupe courte en maille \u00e0 carreaux bleu marine, rose et blanc. Taille mi-haute \u00e9lastique. 43C\/10218 &nbsp; 58% Acrylic &nbsp; 27%Viscose &nbsp; 15% Polymaide<\/p>\n","protected":false},"featured_media":716759,"comment_status":"open","ping_status":"closed","template":"","meta":[],"product_brand":[],"product_cat":[1756,1758],"product_tag":[],"acf":[],"_links":{"self":[{"href":"https:\/\/streetmarkets.fr\/app\/wp-json\/wp\/v2\/product\/716758"}],"collection":[{"href":"https:\/\/streetmarkets.fr\/app\/wp-json\/wp\/v2\/product"}],"about":[{"href":"https:\/\/streetmarkets.fr\/app\/wp-json\/wp\/v2\/types\/product"}],"replies":[{"embeddable":true,"href":"https:\/\/streetmarkets.fr\/app\/wp-json\/wp\/v2\/comments?post=716758"}],"wp:featuredmedia":[{"embeddable":true,"href":"https:\/\/streetmarkets.fr\/app\/wp-json\/wp\/v2\/media\/716759"}],"wp:attachment":[{"href":"https:\/\/streetmarkets.fr\/app\/wp-json\/wp\/v2\/media?parent=716758"}],"wp:term":[{"taxonomy":"product_brand","embeddable":true,"href":"https:\/\/streetmarkets.fr\/app\/wp-json\/wp\/v2\/product_brand?post=716758"},{"taxonomy":"product_cat","embeddable":true,"href":"https:\/\/streetmarkets.fr\/app\/wp-json\/wp\/v2\/product_cat?post=716758"},{"taxonomy":"product_tag","embeddable":true,"href":"https:\/\/streetmarkets.fr\/app\/wp-json\/wp\/v2\/product_tag?post=716758"}],"curies":[{"name":"wp","href":"https:\/\/api.w.org\/{rel}","templated":true}]}}