{"id":716745,"date":"2024-10-15T18:12:32","date_gmt":"2024-10-15T16:12:32","guid":{"rendered":"https:\/\/streetmarkets.fr\/app\/produit\/compania-fantastica-jupe-longue-imprime-fleuri-multicolore\/"},"modified":"2024-10-15T18:13:00","modified_gmt":"2024-10-15T16:13:00","slug":"compania-fantastica-jupe-longue-imprime-fleuri-multicolore","status":"publish","type":"product","link":"https:\/\/streetmarkets.fr\/app\/produit\/compania-fantastica-jupe-longue-imprime-fleuri-multicolore\/","title":{"rendered":"COMPANIA FANTASTICA &#8211; Jupe longue imprim\u00e9 fleuri multicolore"},"content":{"rendered":"<p>Jupe longue en cr\u00eape de viscose \u00e0 imprim\u00e9 fleurs multicolores. Avec taille haute \u00e9lastique.<\/p>\n<p>44C\/12102<\/p>\n<p>COMPOSITION : 85% Viscose 15% Polyamide.<\/p>\n","protected":false},"excerpt":{"rendered":"<p>Jupe longue en cr\u00eape de viscose \u00e0 imprim\u00e9 fleurs multicolores. Avec taille haute \u00e9lastique. 44C\/12102 COMPOSITION : 85% Viscose 15% Polyamide.<\/p>\n","protected":false},"featured_media":716746,"comment_status":"open","ping_status":"closed","template":"","meta":[],"product_brand":[],"product_cat":[1756,1758],"product_tag":[],"acf":[],"_links":{"self":[{"href":"https:\/\/streetmarkets.fr\/app\/wp-json\/wp\/v2\/product\/716745"}],"collection":[{"href":"https:\/\/streetmarkets.fr\/app\/wp-json\/wp\/v2\/product"}],"about":[{"href":"https:\/\/streetmarkets.fr\/app\/wp-json\/wp\/v2\/types\/product"}],"replies":[{"embeddable":true,"href":"https:\/\/streetmarkets.fr\/app\/wp-json\/wp\/v2\/comments?post=716745"}],"wp:featuredmedia":[{"embeddable":true,"href":"https:\/\/streetmarkets.fr\/app\/wp-json\/wp\/v2\/media\/716746"}],"wp:attachment":[{"href":"https:\/\/streetmarkets.fr\/app\/wp-json\/wp\/v2\/media?parent=716745"}],"wp:term":[{"taxonomy":"product_brand","embeddable":true,"href":"https:\/\/streetmarkets.fr\/app\/wp-json\/wp\/v2\/product_brand?post=716745"},{"taxonomy":"product_cat","embeddable":true,"href":"https:\/\/streetmarkets.fr\/app\/wp-json\/wp\/v2\/product_cat?post=716745"},{"taxonomy":"product_tag","embeddable":true,"href":"https:\/\/streetmarkets.fr\/app\/wp-json\/wp\/v2\/product_tag?post=716745"}],"curies":[{"name":"wp","href":"https:\/\/api.w.org\/{rel}","templated":true}]}}