{"id":716705,"date":"2024-10-15T18:12:31","date_gmt":"2024-10-15T16:12:31","guid":{"rendered":"https:\/\/streetmarkets.fr\/app\/produit\/maison-hotel-florence-blouse-tender-is-the-night\/"},"modified":"2024-10-15T18:13:00","modified_gmt":"2024-10-15T16:13:00","slug":"maison-hotel-florence-blouse-tender-is-the-night","status":"publish","type":"product","link":"https:\/\/streetmarkets.fr\/app\/produit\/maison-hotel-florence-blouse-tender-is-the-night\/","title":{"rendered":"Maison Hotel &#8211; Florence Blouse &#8211; Tender is the Night"},"content":{"rendered":"<p>Description<\/p>\n<p>D\u00e9tails<\/p>\n<p>Exp\u00e9dition<\/p>\n<p>Le chemisier Florence en Tender is the Night.<\/p>\n<p>&nbsp;<\/p>\n<p>Un murmure de romance sombre, ce chemisier semble plein de myst\u00e8re, de passion et d&#8217;intrigue. Les volants en cascade le long des manches dansent \u00e0 chaque mouvement, tandis que les plis d\u00e9licats ajoutent de la structure \u00e0 la silhouette fluide. La teinte profonde et noire en fait une pi\u00e8ce intemporelle, adapt\u00e9e aussi bien aux escapades au clair de lune qu&#8217;aux aventures quotidiennes.<\/p>\n<p>&nbsp;<\/p>\n<p>Associ\u00e9 au pantalon Viva Black et \u00e0 la ceinture Panthera, vous avez votre alternative la plus funky \u00e0 la petite robe noire.<\/p>\n<p>&#8211; 100% Viscose<\/p>\n","protected":false},"excerpt":{"rendered":"<p>Description D\u00e9tails Exp\u00e9dition Le chemisier Florence en Tender is the Night. &nbsp; Un murmure de romance sombre, ce chemisier semble plein de myst\u00e8re, de passion et d&#8217;intrigue. Les volants en cascade le long des manches dansent \u00e0 chaque mouvement, tandis que les plis d\u00e9licats ajoutent de la structure \u00e0 la silhouette fluide. La teinte profonde [&hellip;]<\/p>\n","protected":false},"featured_media":716706,"comment_status":"open","ping_status":"closed","template":"","meta":[],"product_brand":[],"product_cat":[1756,1758],"product_tag":[],"acf":[],"_links":{"self":[{"href":"https:\/\/streetmarkets.fr\/app\/wp-json\/wp\/v2\/product\/716705"}],"collection":[{"href":"https:\/\/streetmarkets.fr\/app\/wp-json\/wp\/v2\/product"}],"about":[{"href":"https:\/\/streetmarkets.fr\/app\/wp-json\/wp\/v2\/types\/product"}],"replies":[{"embeddable":true,"href":"https:\/\/streetmarkets.fr\/app\/wp-json\/wp\/v2\/comments?post=716705"}],"wp:featuredmedia":[{"embeddable":true,"href":"https:\/\/streetmarkets.fr\/app\/wp-json\/wp\/v2\/media\/716706"}],"wp:attachment":[{"href":"https:\/\/streetmarkets.fr\/app\/wp-json\/wp\/v2\/media?parent=716705"}],"wp:term":[{"taxonomy":"product_brand","embeddable":true,"href":"https:\/\/streetmarkets.fr\/app\/wp-json\/wp\/v2\/product_brand?post=716705"},{"taxonomy":"product_cat","embeddable":true,"href":"https:\/\/streetmarkets.fr\/app\/wp-json\/wp\/v2\/product_cat?post=716705"},{"taxonomy":"product_tag","embeddable":true,"href":"https:\/\/streetmarkets.fr\/app\/wp-json\/wp\/v2\/product_tag?post=716705"}],"curies":[{"name":"wp","href":"https:\/\/api.w.org\/{rel}","templated":true}]}}