{"id":716609,"date":"2024-10-15T18:12:27","date_gmt":"2024-10-15T16:12:27","guid":{"rendered":"https:\/\/streetmarkets.fr\/app\/produit\/compania-fantastica-jupe-midi-a-imprime-chat\/"},"modified":"2024-10-15T18:12:59","modified_gmt":"2024-10-15T16:12:59","slug":"compania-fantastica-jupe-midi-a-imprime-chat","status":"publish","type":"product","link":"https:\/\/streetmarkets.fr\/app\/produit\/compania-fantastica-jupe-midi-a-imprime-chat\/","title":{"rendered":"COMPANIA FANTASTICA &#8211; Jupe midi \u00e0 imprim\u00e9 chat"},"content":{"rendered":"<p>Jupe mi-longue en twill de viscose \u00e0 imprim\u00e9 chat violet, beige et bleu marine. Avec taille \u00e9lastique et fente lat\u00e9rale. Le mannequin mesure 176 cm et porte une taille S<\/p>\n<p>43C\/11059\/3M0<\/p>\n","protected":false},"excerpt":{"rendered":"<p>Jupe mi-longue en twill de viscose \u00e0 imprim\u00e9 chat violet, beige et bleu marine. Avec taille \u00e9lastique et fente lat\u00e9rale. Le mannequin mesure 176 cm et porte une taille S 43C\/11059\/3M0<\/p>\n","protected":false},"featured_media":716610,"comment_status":"open","ping_status":"closed","template":"","meta":[],"product_brand":[],"product_cat":[1756,1758],"product_tag":[],"acf":[],"_links":{"self":[{"href":"https:\/\/streetmarkets.fr\/app\/wp-json\/wp\/v2\/product\/716609"}],"collection":[{"href":"https:\/\/streetmarkets.fr\/app\/wp-json\/wp\/v2\/product"}],"about":[{"href":"https:\/\/streetmarkets.fr\/app\/wp-json\/wp\/v2\/types\/product"}],"replies":[{"embeddable":true,"href":"https:\/\/streetmarkets.fr\/app\/wp-json\/wp\/v2\/comments?post=716609"}],"wp:featuredmedia":[{"embeddable":true,"href":"https:\/\/streetmarkets.fr\/app\/wp-json\/wp\/v2\/media\/716610"}],"wp:attachment":[{"href":"https:\/\/streetmarkets.fr\/app\/wp-json\/wp\/v2\/media?parent=716609"}],"wp:term":[{"taxonomy":"product_brand","embeddable":true,"href":"https:\/\/streetmarkets.fr\/app\/wp-json\/wp\/v2\/product_brand?post=716609"},{"taxonomy":"product_cat","embeddable":true,"href":"https:\/\/streetmarkets.fr\/app\/wp-json\/wp\/v2\/product_cat?post=716609"},{"taxonomy":"product_tag","embeddable":true,"href":"https:\/\/streetmarkets.fr\/app\/wp-json\/wp\/v2\/product_tag?post=716609"}],"curies":[{"name":"wp","href":"https:\/\/api.w.org\/{rel}","templated":true}]}}