{"id":716554,"date":"2024-10-15T18:12:25","date_gmt":"2024-10-15T16:12:25","guid":{"rendered":"https:\/\/streetmarkets.fr\/app\/produit\/maison-hotel-ross-pant-disco-denim\/"},"modified":"2024-10-15T18:12:59","modified_gmt":"2024-10-15T16:12:59","slug":"maison-hotel-ross-pant-disco-denim","status":"publish","type":"product","link":"https:\/\/streetmarkets.fr\/app\/produit\/maison-hotel-ross-pant-disco-denim\/","title":{"rendered":"Maison Hotel &#8211; Ross Pant &#8211; Disco Denim"},"content":{"rendered":"<p>Le pantalon Ross en denim.<\/p>\n<p>&nbsp;<\/p>\n<p>La plupart de nos pantalons sur mesure de haute qualit\u00e9 sont coup\u00e9s dans une usine pr\u00e8s de Cuenca, en Espagne, et le pantalon Ross en denim de coton ne fait pas exception.<\/p>\n<p>&nbsp;<\/p>\n<p>&#8211; 80% coton, 20% coton recycl\u00e9.<\/p>\n<p>&#8211; Taille normalement &#8211; choisissez votre taille habituelle.<\/p>\n<p>&#8211; Si vous \u00eates entre deux tailles, choisissez la petite taille.<\/p>\n<p>&#8211; Le mannequin mesure 1,77 cm et porte une taille S.<\/p>\n<p>&#8211; Longueur d&#8217;entrejambe 82 cm.<\/p>\n","protected":false},"excerpt":{"rendered":"<p>Le pantalon Ross en denim. &nbsp; La plupart de nos pantalons sur mesure de haute qualit\u00e9 sont coup\u00e9s dans une usine pr\u00e8s de Cuenca, en Espagne, et le pantalon Ross en denim de coton ne fait pas exception. &nbsp; &#8211; 80% coton, 20% coton recycl\u00e9. &#8211; Taille normalement &#8211; choisissez votre taille habituelle. &#8211; Si [&hellip;]<\/p>\n","protected":false},"featured_media":716556,"comment_status":"open","ping_status":"closed","template":"","meta":[],"product_brand":[],"product_cat":[1756,1758],"product_tag":[],"acf":[],"_links":{"self":[{"href":"https:\/\/streetmarkets.fr\/app\/wp-json\/wp\/v2\/product\/716554"}],"collection":[{"href":"https:\/\/streetmarkets.fr\/app\/wp-json\/wp\/v2\/product"}],"about":[{"href":"https:\/\/streetmarkets.fr\/app\/wp-json\/wp\/v2\/types\/product"}],"replies":[{"embeddable":true,"href":"https:\/\/streetmarkets.fr\/app\/wp-json\/wp\/v2\/comments?post=716554"}],"wp:featuredmedia":[{"embeddable":true,"href":"https:\/\/streetmarkets.fr\/app\/wp-json\/wp\/v2\/media\/716556"}],"wp:attachment":[{"href":"https:\/\/streetmarkets.fr\/app\/wp-json\/wp\/v2\/media?parent=716554"}],"wp:term":[{"taxonomy":"product_brand","embeddable":true,"href":"https:\/\/streetmarkets.fr\/app\/wp-json\/wp\/v2\/product_brand?post=716554"},{"taxonomy":"product_cat","embeddable":true,"href":"https:\/\/streetmarkets.fr\/app\/wp-json\/wp\/v2\/product_cat?post=716554"},{"taxonomy":"product_tag","embeddable":true,"href":"https:\/\/streetmarkets.fr\/app\/wp-json\/wp\/v2\/product_tag?post=716554"}],"curies":[{"name":"wp","href":"https:\/\/api.w.org\/{rel}","templated":true}]}}