{"id":716400,"date":"2024-10-15T18:12:17","date_gmt":"2024-10-15T16:12:17","guid":{"rendered":"https:\/\/streetmarkets.fr\/app\/produit\/maison-hotel-twiggy-pant-priscilla-paisley\/"},"modified":"2024-10-15T18:12:57","modified_gmt":"2024-10-15T16:12:57","slug":"maison-hotel-twiggy-pant-priscilla-paisley","status":"publish","type":"product","link":"https:\/\/streetmarkets.fr\/app\/produit\/maison-hotel-twiggy-pant-priscilla-paisley\/","title":{"rendered":"Maison Hotel &#8211; -Twiggy Pant &#8211; Priscilla Paisley"},"content":{"rendered":"<p>Le pantalon Twiggy dans notre imprim\u00e9 \u00ab Priscilla Paisley \u00bb.<\/p>\n<p>&nbsp;<\/p>\n<p>Comment pouvez-vous avoir un imprim\u00e9 intitul\u00e9 \u00ab Elvis Paisley \u00bb et ne pas le compl\u00e9ter avec un autre intitul\u00e9 \u00ab Priscilla Paisley \u00bb ?<\/p>\n<p>&nbsp;<\/p>\n<p>Confectionn\u00e9 en coton avec une touche d&#8217;\u00e9lasthanne, le pantalon l\u00e9g\u00e8rement stretch pr\u00e9sente une broderie florale et cachemire color\u00e9e sur une base noire.<\/p>\n<p>&nbsp;<\/p>\n<p>Nous l&#8217;avons associ\u00e9 ici aux chemisiers Antoinette et Noa afin que vous puissiez voir la polyvalence de cette pi\u00e8ce tr\u00e8s sp\u00e9ciale.<\/p>\n<p>&#8211; 98% Coton 2% \u00c9lasthanne.<\/p>\n<p>&#8211; Nous recommandons le lavage \u00e0 la main uniquement.<\/p>\n<p>&#8211; Taille normalement &#8211; choisissez votre taille habituelle.<\/p>\n<p>&nbsp;<\/p>\n","protected":false},"excerpt":{"rendered":"<p>Le pantalon Twiggy dans notre imprim\u00e9 \u00ab Priscilla Paisley \u00bb. &nbsp; Comment pouvez-vous avoir un imprim\u00e9 intitul\u00e9 \u00ab Elvis Paisley \u00bb et ne pas le compl\u00e9ter avec un autre intitul\u00e9 \u00ab Priscilla Paisley \u00bb ? &nbsp; Confectionn\u00e9 en coton avec une touche d&#8217;\u00e9lasthanne, le pantalon l\u00e9g\u00e8rement stretch pr\u00e9sente une broderie florale et cachemire color\u00e9e sur [&hellip;]<\/p>\n","protected":false},"featured_media":716401,"comment_status":"open","ping_status":"closed","template":"","meta":[],"product_brand":[],"product_cat":[1756,1758],"product_tag":[],"acf":[],"_links":{"self":[{"href":"https:\/\/streetmarkets.fr\/app\/wp-json\/wp\/v2\/product\/716400"}],"collection":[{"href":"https:\/\/streetmarkets.fr\/app\/wp-json\/wp\/v2\/product"}],"about":[{"href":"https:\/\/streetmarkets.fr\/app\/wp-json\/wp\/v2\/types\/product"}],"replies":[{"embeddable":true,"href":"https:\/\/streetmarkets.fr\/app\/wp-json\/wp\/v2\/comments?post=716400"}],"wp:featuredmedia":[{"embeddable":true,"href":"https:\/\/streetmarkets.fr\/app\/wp-json\/wp\/v2\/media\/716401"}],"wp:attachment":[{"href":"https:\/\/streetmarkets.fr\/app\/wp-json\/wp\/v2\/media?parent=716400"}],"wp:term":[{"taxonomy":"product_brand","embeddable":true,"href":"https:\/\/streetmarkets.fr\/app\/wp-json\/wp\/v2\/product_brand?post=716400"},{"taxonomy":"product_cat","embeddable":true,"href":"https:\/\/streetmarkets.fr\/app\/wp-json\/wp\/v2\/product_cat?post=716400"},{"taxonomy":"product_tag","embeddable":true,"href":"https:\/\/streetmarkets.fr\/app\/wp-json\/wp\/v2\/product_tag?post=716400"}],"curies":[{"name":"wp","href":"https:\/\/api.w.org\/{rel}","templated":true}]}}