{"id":716378,"date":"2024-10-15T18:11:53","date_gmt":"2024-10-15T16:11:53","guid":{"rendered":"https:\/\/streetmarkets.fr\/app\/produit\/maison-hotel-jupe-fabia-rust-petunia\/"},"modified":"2024-10-15T18:12:15","modified_gmt":"2024-10-15T16:12:15","slug":"maison-hotel-jupe-fabia-rust-petunia","status":"publish","type":"product","link":"https:\/\/streetmarkets.fr\/app\/produit\/maison-hotel-jupe-fabia-rust-petunia\/","title":{"rendered":"Maison Hotel &#8211; Jupe Fabia- Rust Petunia"},"content":{"rendered":"<p>La jupe Fabia en Kaleidoscope Petunia.<\/p>\n<p>&nbsp;<\/p>\n<p>Coup\u00e9e dans une \u00ab cr\u00eape Katrina \u00bb de viscose ultra douce, la jupe boutonn\u00e9e respire le boh\u00e8me vintage et constitue une pi\u00e8ce facile \u00e0 combiner cet \u00e9t\u00e9.<\/p>\n<p>&nbsp;<\/p>\n<p>&#8211; 100% Viscose.<\/p>\n<p>&#8211; Nous recommandons le lavage \u00e0 la main uniquement.<\/p>\n<p>&#8211; Taille normalement &#8211; choisissez votre taille habituelle.<\/p>\n<p>&#8211; Si vous \u00eates entre deux tailles, choisissez la petite taille.<\/p>\n<p>&#8211; Le mannequin mesure 1,84 cm et porte une taille S.<\/p>\n","protected":false},"excerpt":{"rendered":"<p>La jupe Fabia en Kaleidoscope Petunia. &nbsp; Coup\u00e9e dans une \u00ab cr\u00eape Katrina \u00bb de viscose ultra douce, la jupe boutonn\u00e9e respire le boh\u00e8me vintage et constitue une pi\u00e8ce facile \u00e0 combiner cet \u00e9t\u00e9. &nbsp; &#8211; 100% Viscose. &#8211; Nous recommandons le lavage \u00e0 la main uniquement. &#8211; Taille normalement &#8211; choisissez votre taille habituelle. [&hellip;]<\/p>\n","protected":false},"featured_media":716379,"comment_status":"open","ping_status":"closed","template":"","meta":[],"product_brand":[],"product_cat":[1756,1762],"product_tag":[],"acf":[],"_links":{"self":[{"href":"https:\/\/streetmarkets.fr\/app\/wp-json\/wp\/v2\/product\/716378"}],"collection":[{"href":"https:\/\/streetmarkets.fr\/app\/wp-json\/wp\/v2\/product"}],"about":[{"href":"https:\/\/streetmarkets.fr\/app\/wp-json\/wp\/v2\/types\/product"}],"replies":[{"embeddable":true,"href":"https:\/\/streetmarkets.fr\/app\/wp-json\/wp\/v2\/comments?post=716378"}],"wp:featuredmedia":[{"embeddable":true,"href":"https:\/\/streetmarkets.fr\/app\/wp-json\/wp\/v2\/media\/716379"}],"wp:attachment":[{"href":"https:\/\/streetmarkets.fr\/app\/wp-json\/wp\/v2\/media?parent=716378"}],"wp:term":[{"taxonomy":"product_brand","embeddable":true,"href":"https:\/\/streetmarkets.fr\/app\/wp-json\/wp\/v2\/product_brand?post=716378"},{"taxonomy":"product_cat","embeddable":true,"href":"https:\/\/streetmarkets.fr\/app\/wp-json\/wp\/v2\/product_cat?post=716378"},{"taxonomy":"product_tag","embeddable":true,"href":"https:\/\/streetmarkets.fr\/app\/wp-json\/wp\/v2\/product_tag?post=716378"}],"curies":[{"name":"wp","href":"https:\/\/api.w.org\/{rel}","templated":true}]}}