{"id":716370,"date":"2024-10-15T18:11:53","date_gmt":"2024-10-15T16:11:53","guid":{"rendered":"https:\/\/streetmarkets.fr\/app\/produit\/maison-hotel-faustine-jupe-cotton-candy\/"},"modified":"2024-10-15T18:12:15","modified_gmt":"2024-10-15T16:12:15","slug":"maison-hotel-faustine-jupe-cotton-candy","status":"publish","type":"product","link":"https:\/\/streetmarkets.fr\/app\/produit\/maison-hotel-faustine-jupe-cotton-candy\/","title":{"rendered":"Maison Hotel &#8211; Faustine Jupe &#8211; Cotton Candy"},"content":{"rendered":"<p>La jupe Faustine en barbe \u00e0 papa.<\/p>\n<p>&nbsp;<\/p>\n<p>Les teintes d\u00e9color\u00e9es et les motifs cachemire et floraux tout autour avec des bordures ethniques font de cette robe une pi\u00e8ce sp\u00e9ciale ce printemps-\u00e9t\u00e9.<\/p>\n<p>&nbsp;<\/p>\n<p>Associ\u00e9 ici \u00e0 un haut \u00ab pas-un-bikini \u00bb difficile \u00e0 trouver que nous avons cr\u00e9\u00e9 en Inde \u00e0 partir de ce qui semble \u00eatre un accessoire de table vintage provenant de l&#8217;un des march\u00e9s du Rajasthan.<\/p>\n<p>&#8211; 100% Viscose.<\/p>\n<p>&#8211; Nous recommandons le lavage \u00e0 la main uniquement.<\/p>\n<p>&#8211; Taille normalement &#8211; choisissez votre taille habituelle.<\/p>\n<p>&#8211; Si vous \u00eates entre deux tailles, choisissez la petite taille.<\/p>\n<p>&#8211; Le mannequin mesure 1,84 cm et porte une taille S.<\/p>\n","protected":false},"excerpt":{"rendered":"<p>La jupe Faustine en barbe \u00e0 papa. &nbsp; Les teintes d\u00e9color\u00e9es et les motifs cachemire et floraux tout autour avec des bordures ethniques font de cette robe une pi\u00e8ce sp\u00e9ciale ce printemps-\u00e9t\u00e9. &nbsp; Associ\u00e9 ici \u00e0 un haut \u00ab pas-un-bikini \u00bb difficile \u00e0 trouver que nous avons cr\u00e9\u00e9 en Inde \u00e0 partir de ce qui [&hellip;]<\/p>\n","protected":false},"featured_media":716371,"comment_status":"open","ping_status":"closed","template":"","meta":[],"product_brand":[],"product_cat":[1756,1762],"product_tag":[],"acf":[],"_links":{"self":[{"href":"https:\/\/streetmarkets.fr\/app\/wp-json\/wp\/v2\/product\/716370"}],"collection":[{"href":"https:\/\/streetmarkets.fr\/app\/wp-json\/wp\/v2\/product"}],"about":[{"href":"https:\/\/streetmarkets.fr\/app\/wp-json\/wp\/v2\/types\/product"}],"replies":[{"embeddable":true,"href":"https:\/\/streetmarkets.fr\/app\/wp-json\/wp\/v2\/comments?post=716370"}],"wp:featuredmedia":[{"embeddable":true,"href":"https:\/\/streetmarkets.fr\/app\/wp-json\/wp\/v2\/media\/716371"}],"wp:attachment":[{"href":"https:\/\/streetmarkets.fr\/app\/wp-json\/wp\/v2\/media?parent=716370"}],"wp:term":[{"taxonomy":"product_brand","embeddable":true,"href":"https:\/\/streetmarkets.fr\/app\/wp-json\/wp\/v2\/product_brand?post=716370"},{"taxonomy":"product_cat","embeddable":true,"href":"https:\/\/streetmarkets.fr\/app\/wp-json\/wp\/v2\/product_cat?post=716370"},{"taxonomy":"product_tag","embeddable":true,"href":"https:\/\/streetmarkets.fr\/app\/wp-json\/wp\/v2\/product_tag?post=716370"}],"curies":[{"name":"wp","href":"https:\/\/api.w.org\/{rel}","templated":true}]}}