{"id":716353,"date":"2024-10-15T18:11:51","date_gmt":"2024-10-15T16:11:51","guid":{"rendered":"https:\/\/streetmarkets.fr\/app\/produit\/lois-jeans-velour-noir\/"},"modified":"2024-10-15T18:12:15","modified_gmt":"2024-10-15T16:12:15","slug":"lois-jeans-velour-noir","status":"publish","type":"product","link":"https:\/\/streetmarkets.fr\/app\/produit\/lois-jeans-velour-noir\/","title":{"rendered":"Lois Jeans &#8211; Velour -Noir"},"content":{"rendered":"<p>Mati\u00e8res :&nbsp;98% COTON 2% \u00c9LASTHANNE<\/p>\n<p>Soins:&nbsp;Pour de meilleurs r\u00e9sultats, laver \u00e0 la machine selon les instructions sur l&#8217;\u00e9tiquette. Laver \u00e0 30 degr\u00e9s maximum. N&#8217;utilisez pas d&#8217;eau de Javel. Laver et repasser \u00e0 l&#8217;envers.<\/p>\n","protected":false},"excerpt":{"rendered":"<p>Mati\u00e8res :&nbsp;98% COTON 2% \u00c9LASTHANNE Soins:&nbsp;Pour de meilleurs r\u00e9sultats, laver \u00e0 la machine selon les instructions sur l&#8217;\u00e9tiquette. Laver \u00e0 30 degr\u00e9s maximum. N&#8217;utilisez pas d&#8217;eau de Javel. Laver et repasser \u00e0 l&#8217;envers.<\/p>\n","protected":false},"featured_media":716354,"comment_status":"open","ping_status":"closed","template":"","meta":[],"product_brand":[],"product_cat":[1756,1762],"product_tag":[],"acf":[],"_links":{"self":[{"href":"https:\/\/streetmarkets.fr\/app\/wp-json\/wp\/v2\/product\/716353"}],"collection":[{"href":"https:\/\/streetmarkets.fr\/app\/wp-json\/wp\/v2\/product"}],"about":[{"href":"https:\/\/streetmarkets.fr\/app\/wp-json\/wp\/v2\/types\/product"}],"replies":[{"embeddable":true,"href":"https:\/\/streetmarkets.fr\/app\/wp-json\/wp\/v2\/comments?post=716353"}],"wp:featuredmedia":[{"embeddable":true,"href":"https:\/\/streetmarkets.fr\/app\/wp-json\/wp\/v2\/media\/716354"}],"wp:attachment":[{"href":"https:\/\/streetmarkets.fr\/app\/wp-json\/wp\/v2\/media?parent=716353"}],"wp:term":[{"taxonomy":"product_brand","embeddable":true,"href":"https:\/\/streetmarkets.fr\/app\/wp-json\/wp\/v2\/product_brand?post=716353"},{"taxonomy":"product_cat","embeddable":true,"href":"https:\/\/streetmarkets.fr\/app\/wp-json\/wp\/v2\/product_cat?post=716353"},{"taxonomy":"product_tag","embeddable":true,"href":"https:\/\/streetmarkets.fr\/app\/wp-json\/wp\/v2\/product_tag?post=716353"}],"curies":[{"name":"wp","href":"https:\/\/api.w.org\/{rel}","templated":true}]}}