{"id":716312,"date":"2024-10-15T18:11:47","date_gmt":"2024-10-15T16:11:47","guid":{"rendered":"https:\/\/streetmarkets.fr\/app\/produit\/jupe-midi-en-viscose-imprime-floral-lenzing-ecovero\/"},"modified":"2024-10-15T18:12:14","modified_gmt":"2024-10-15T16:12:14","slug":"jupe-midi-en-viscose-imprime-floral-lenzing-ecovero","status":"publish","type":"product","link":"https:\/\/streetmarkets.fr\/app\/produit\/jupe-midi-en-viscose-imprime-floral-lenzing-ecovero\/","title":{"rendered":"JUPE MIDI EN VISCOSE IMPRIM\u00c9 FLORAL LENZING\u2122 ECOVERO\u2122"},"content":{"rendered":"<p>Jupe midi LENZING\u2122 ECOVERO\u2122 en viscose imprim\u00e9 fleuri.<\/p>\n<p>Taille mi-haute \u00e9lastiqu\u00e9e.<\/p>\n<p>Empi\u00e8cement avec d\u00e9tail fronc\u00e9.<\/p>\n<p>Le mannequin mesure 176 cm et porte une taille S.<\/p>\n<p>COMPOSITION: 100% Viscose.<\/p>\n","protected":false},"excerpt":{"rendered":"<p>Jupe midi LENZING\u2122 ECOVERO\u2122 en viscose imprim\u00e9 fleuri. Taille mi-haute \u00e9lastiqu\u00e9e. Empi\u00e8cement avec d\u00e9tail fronc\u00e9. Le mannequin mesure 176 cm et porte une taille S. COMPOSITION: 100% Viscose.<\/p>\n","protected":false},"featured_media":716313,"comment_status":"open","ping_status":"closed","template":"","meta":[],"product_brand":[],"product_cat":[1756,1762],"product_tag":[1810],"acf":[],"_links":{"self":[{"href":"https:\/\/streetmarkets.fr\/app\/wp-json\/wp\/v2\/product\/716312"}],"collection":[{"href":"https:\/\/streetmarkets.fr\/app\/wp-json\/wp\/v2\/product"}],"about":[{"href":"https:\/\/streetmarkets.fr\/app\/wp-json\/wp\/v2\/types\/product"}],"replies":[{"embeddable":true,"href":"https:\/\/streetmarkets.fr\/app\/wp-json\/wp\/v2\/comments?post=716312"}],"wp:featuredmedia":[{"embeddable":true,"href":"https:\/\/streetmarkets.fr\/app\/wp-json\/wp\/v2\/media\/716313"}],"wp:attachment":[{"href":"https:\/\/streetmarkets.fr\/app\/wp-json\/wp\/v2\/media?parent=716312"}],"wp:term":[{"taxonomy":"product_brand","embeddable":true,"href":"https:\/\/streetmarkets.fr\/app\/wp-json\/wp\/v2\/product_brand?post=716312"},{"taxonomy":"product_cat","embeddable":true,"href":"https:\/\/streetmarkets.fr\/app\/wp-json\/wp\/v2\/product_cat?post=716312"},{"taxonomy":"product_tag","embeddable":true,"href":"https:\/\/streetmarkets.fr\/app\/wp-json\/wp\/v2\/product_tag?post=716312"}],"curies":[{"name":"wp","href":"https:\/\/api.w.org\/{rel}","templated":true}]}}