{"id":716281,"date":"2024-10-15T18:11:45","date_gmt":"2024-10-15T16:11:45","guid":{"rendered":"https:\/\/streetmarkets.fr\/app\/produit\/nunoo-helena-metallic-purple\/"},"modified":"2024-10-15T18:12:13","modified_gmt":"2024-10-15T16:12:13","slug":"nunoo-helena-metallic-purple","status":"publish","type":"product","link":"https:\/\/streetmarkets.fr\/app\/produit\/nunoo-helena-metallic-purple\/","title":{"rendered":"N\u00fanoo &#8211; HELENA METALLIC PURPLE"},"content":{"rendered":"<p>Helena au design violet brillant avec des accessoires argent\u00e9s. Le sac comporte un compartiment principal, un compartiment plus petit et deux petites poches sur le devant. Le sac est livr\u00e9 avec une bandouli\u00e8re r\u00e9glable et une cha\u00eene.<\/p>\n<p>&nbsp;<\/p>\n<p>Qualit\u00e9 : 90 % cuir \/ 10 % coton<\/p>\n<p>Dimensions : H : 10 cm L : 17,5 cm P : 4 cm<\/p>\n","protected":false},"excerpt":{"rendered":"<p>Helena au design violet brillant avec des accessoires argent\u00e9s. Le sac comporte un compartiment principal, un compartiment plus petit et deux petites poches sur le devant. Le sac est livr\u00e9 avec une bandouli\u00e8re r\u00e9glable et une cha\u00eene. &nbsp; Qualit\u00e9 : 90 % cuir \/ 10 % coton Dimensions : H : 10 cm L : [&hellip;]<\/p>\n","protected":false},"featured_media":716282,"comment_status":"open","ping_status":"closed","template":"","meta":[],"product_brand":[],"product_cat":[1756,1764],"product_tag":[],"acf":[],"_links":{"self":[{"href":"https:\/\/streetmarkets.fr\/app\/wp-json\/wp\/v2\/product\/716281"}],"collection":[{"href":"https:\/\/streetmarkets.fr\/app\/wp-json\/wp\/v2\/product"}],"about":[{"href":"https:\/\/streetmarkets.fr\/app\/wp-json\/wp\/v2\/types\/product"}],"replies":[{"embeddable":true,"href":"https:\/\/streetmarkets.fr\/app\/wp-json\/wp\/v2\/comments?post=716281"}],"wp:featuredmedia":[{"embeddable":true,"href":"https:\/\/streetmarkets.fr\/app\/wp-json\/wp\/v2\/media\/716282"}],"wp:attachment":[{"href":"https:\/\/streetmarkets.fr\/app\/wp-json\/wp\/v2\/media?parent=716281"}],"wp:term":[{"taxonomy":"product_brand","embeddable":true,"href":"https:\/\/streetmarkets.fr\/app\/wp-json\/wp\/v2\/product_brand?post=716281"},{"taxonomy":"product_cat","embeddable":true,"href":"https:\/\/streetmarkets.fr\/app\/wp-json\/wp\/v2\/product_cat?post=716281"},{"taxonomy":"product_tag","embeddable":true,"href":"https:\/\/streetmarkets.fr\/app\/wp-json\/wp\/v2\/product_tag?post=716281"}],"curies":[{"name":"wp","href":"https:\/\/api.w.org\/{rel}","templated":true}]}}