{"id":716263,"date":"2024-10-15T18:11:44","date_gmt":"2024-10-15T16:11:44","guid":{"rendered":"https:\/\/streetmarkets.fr\/app\/produit\/nunoo-palma-wrinkle-green\/"},"modified":"2024-10-15T18:12:13","modified_gmt":"2024-10-15T16:12:13","slug":"nunoo-palma-wrinkle-green","status":"publish","type":"product","link":"https:\/\/streetmarkets.fr\/app\/produit\/nunoo-palma-wrinkle-green\/","title":{"rendered":"N\u00fanoo &#8211; PALMA WRINKLE GREEN"},"content":{"rendered":"<p>Palma Wrinkle en vert avec des accents de boucle argent\u00e9e sur le devant. Il dispose d&#8217;un compartiment principal spacieux avec une fermeture \u00e0 glissi\u00e8re et d&#8217;une petite poche int\u00e9rieure suppl\u00e9mentaire, \u00e9galement avec une fermeture \u00e0 glissi\u00e8re. La bandouli\u00e8re r\u00e9glable le rend polyvalent, vous permettant de le porter \u00e0 l&#8217;\u00e9paule ou en bandouli\u00e8re. Le sac est en PU<\/p>\n<p>&nbsp;<\/p>\n<p>Quality: 90% recycled PU\/10% recycled polyester<br \/>Dimensions: H: 8 cm W: 21 cm D: 5 cm<\/p>\n","protected":false},"excerpt":{"rendered":"<p>Palma Wrinkle en vert avec des accents de boucle argent\u00e9e sur le devant. Il dispose d&#8217;un compartiment principal spacieux avec une fermeture \u00e0 glissi\u00e8re et d&#8217;une petite poche int\u00e9rieure suppl\u00e9mentaire, \u00e9galement avec une fermeture \u00e0 glissi\u00e8re. La bandouli\u00e8re r\u00e9glable le rend polyvalent, vous permettant de le porter \u00e0 l&#8217;\u00e9paule ou en bandouli\u00e8re. Le sac est [&hellip;]<\/p>\n","protected":false},"featured_media":716264,"comment_status":"open","ping_status":"closed","template":"","meta":[],"product_brand":[],"product_cat":[1756,1764],"product_tag":[],"acf":[],"_links":{"self":[{"href":"https:\/\/streetmarkets.fr\/app\/wp-json\/wp\/v2\/product\/716263"}],"collection":[{"href":"https:\/\/streetmarkets.fr\/app\/wp-json\/wp\/v2\/product"}],"about":[{"href":"https:\/\/streetmarkets.fr\/app\/wp-json\/wp\/v2\/types\/product"}],"replies":[{"embeddable":true,"href":"https:\/\/streetmarkets.fr\/app\/wp-json\/wp\/v2\/comments?post=716263"}],"wp:featuredmedia":[{"embeddable":true,"href":"https:\/\/streetmarkets.fr\/app\/wp-json\/wp\/v2\/media\/716264"}],"wp:attachment":[{"href":"https:\/\/streetmarkets.fr\/app\/wp-json\/wp\/v2\/media?parent=716263"}],"wp:term":[{"taxonomy":"product_brand","embeddable":true,"href":"https:\/\/streetmarkets.fr\/app\/wp-json\/wp\/v2\/product_brand?post=716263"},{"taxonomy":"product_cat","embeddable":true,"href":"https:\/\/streetmarkets.fr\/app\/wp-json\/wp\/v2\/product_cat?post=716263"},{"taxonomy":"product_tag","embeddable":true,"href":"https:\/\/streetmarkets.fr\/app\/wp-json\/wp\/v2\/product_tag?post=716263"}],"curies":[{"name":"wp","href":"https:\/\/api.w.org\/{rel}","templated":true}]}}