{"id":716256,"date":"2024-10-15T18:11:43","date_gmt":"2024-10-15T16:11:43","guid":{"rendered":"https:\/\/streetmarkets.fr\/app\/produit\/nunoo-palma-recycled-cool-iridescent\/"},"modified":"2024-10-15T18:12:13","modified_gmt":"2024-10-15T16:12:13","slug":"nunoo-palma-recycled-cool-iridescent","status":"publish","type":"product","link":"https:\/\/streetmarkets.fr\/app\/produit\/nunoo-palma-recycled-cool-iridescent\/","title":{"rendered":"N\u00fanoo &#8211; Palma Recycled Cool Iridescent"},"content":{"rendered":"<p>Le sac Palma au coloris iris\u00e9, qui est un sac aux couleurs et tons changeants. Palma est un petit sac qui peut \u00eatre port\u00e9 \u00e0 la main, \u00e0 l&#8217;\u00e9paule ou en bandouli\u00e8re. Le compartiment principal du sac se ferme avec une fermeture \u00e9clair. Le sac est fabriqu\u00e9 \u00e0 partir de mat\u00e9riaux recycl\u00e9s.<\/p>\n<p>&nbsp;<\/p>\n<p>Qualit\u00e9 : 8,0% Bois\/30% Polyur\u00e9thane\/4,0% Autre\/ 18% Polyur\u00e9thane pr\u00e9-consommation recycl\u00e9\/40% Polyster post-consommation recycl\u00e9<\/p>\n<p>Dimensions : H : 9 cm L : 20 cm P : 4 cm<\/p>\n","protected":false},"excerpt":{"rendered":"<p>Le sac Palma au coloris iris\u00e9, qui est un sac aux couleurs et tons changeants. Palma est un petit sac qui peut \u00eatre port\u00e9 \u00e0 la main, \u00e0 l&#8217;\u00e9paule ou en bandouli\u00e8re. Le compartiment principal du sac se ferme avec une fermeture \u00e9clair. Le sac est fabriqu\u00e9 \u00e0 partir de mat\u00e9riaux recycl\u00e9s. &nbsp; Qualit\u00e9 : [&hellip;]<\/p>\n","protected":false},"featured_media":716257,"comment_status":"open","ping_status":"closed","template":"","meta":[],"product_brand":[],"product_cat":[1756,1764],"product_tag":[1810],"acf":[],"_links":{"self":[{"href":"https:\/\/streetmarkets.fr\/app\/wp-json\/wp\/v2\/product\/716256"}],"collection":[{"href":"https:\/\/streetmarkets.fr\/app\/wp-json\/wp\/v2\/product"}],"about":[{"href":"https:\/\/streetmarkets.fr\/app\/wp-json\/wp\/v2\/types\/product"}],"replies":[{"embeddable":true,"href":"https:\/\/streetmarkets.fr\/app\/wp-json\/wp\/v2\/comments?post=716256"}],"wp:featuredmedia":[{"embeddable":true,"href":"https:\/\/streetmarkets.fr\/app\/wp-json\/wp\/v2\/media\/716257"}],"wp:attachment":[{"href":"https:\/\/streetmarkets.fr\/app\/wp-json\/wp\/v2\/media?parent=716256"}],"wp:term":[{"taxonomy":"product_brand","embeddable":true,"href":"https:\/\/streetmarkets.fr\/app\/wp-json\/wp\/v2\/product_brand?post=716256"},{"taxonomy":"product_cat","embeddable":true,"href":"https:\/\/streetmarkets.fr\/app\/wp-json\/wp\/v2\/product_cat?post=716256"},{"taxonomy":"product_tag","embeddable":true,"href":"https:\/\/streetmarkets.fr\/app\/wp-json\/wp\/v2\/product_tag?post=716256"}],"curies":[{"name":"wp","href":"https:\/\/api.w.org\/{rel}","templated":true}]}}