{"id":716248,"date":"2024-10-15T18:11:43","date_gmt":"2024-10-15T16:11:43","guid":{"rendered":"https:\/\/streetmarkets.fr\/app\/produit\/nunoo-jennifer-pocket-rivet-washed-black-w-antique-silver\/"},"modified":"2024-10-15T18:12:13","modified_gmt":"2024-10-15T16:12:13","slug":"nunoo-jennifer-pocket-rivet-washed-black-w-antique-silver","status":"publish","type":"product","link":"https:\/\/streetmarkets.fr\/app\/produit\/nunoo-jennifer-pocket-rivet-washed-black-w-antique-silver\/","title":{"rendered":"N\u00fanoo &#8211; Jennifer Pocket Rivet Washed Black w. Antique Silver"},"content":{"rendered":"<p>Jennifer Pocket Rivet en noir d\u00e9lav\u00e9. Le sac pr\u00e9sente des d\u00e9tails en argent antique et une bandouli\u00e8re r\u00e9glable. Le sac poss\u00e8de deux poches sur le devant qui se ferment toutes deux par une fermeture \u00e9clair.<\/p>\n<p>Quality: 90% Leather \/ 10% Cotton<br \/>Dimensions: H: 18 cm W: 28 cm D: 7 cm<\/p>\n","protected":false},"excerpt":{"rendered":"<p>Jennifer Pocket Rivet en noir d\u00e9lav\u00e9. Le sac pr\u00e9sente des d\u00e9tails en argent antique et une bandouli\u00e8re r\u00e9glable. Le sac poss\u00e8de deux poches sur le devant qui se ferment toutes deux par une fermeture \u00e9clair. Quality: 90% Leather \/ 10% CottonDimensions: H: 18 cm W: 28 cm D: 7 cm<\/p>\n","protected":false},"featured_media":716249,"comment_status":"open","ping_status":"closed","template":"","meta":[],"product_brand":[],"product_cat":[1756,1764],"product_tag":[],"acf":[],"_links":{"self":[{"href":"https:\/\/streetmarkets.fr\/app\/wp-json\/wp\/v2\/product\/716248"}],"collection":[{"href":"https:\/\/streetmarkets.fr\/app\/wp-json\/wp\/v2\/product"}],"about":[{"href":"https:\/\/streetmarkets.fr\/app\/wp-json\/wp\/v2\/types\/product"}],"replies":[{"embeddable":true,"href":"https:\/\/streetmarkets.fr\/app\/wp-json\/wp\/v2\/comments?post=716248"}],"wp:featuredmedia":[{"embeddable":true,"href":"https:\/\/streetmarkets.fr\/app\/wp-json\/wp\/v2\/media\/716249"}],"wp:attachment":[{"href":"https:\/\/streetmarkets.fr\/app\/wp-json\/wp\/v2\/media?parent=716248"}],"wp:term":[{"taxonomy":"product_brand","embeddable":true,"href":"https:\/\/streetmarkets.fr\/app\/wp-json\/wp\/v2\/product_brand?post=716248"},{"taxonomy":"product_cat","embeddable":true,"href":"https:\/\/streetmarkets.fr\/app\/wp-json\/wp\/v2\/product_cat?post=716248"},{"taxonomy":"product_tag","embeddable":true,"href":"https:\/\/streetmarkets.fr\/app\/wp-json\/wp\/v2\/product_tag?post=716248"}],"curies":[{"name":"wp","href":"https:\/\/api.w.org\/{rel}","templated":true}]}}