{"id":716227,"date":"2024-10-15T18:11:42","date_gmt":"2024-10-15T16:11:42","guid":{"rendered":"https:\/\/streetmarkets.fr\/app\/produit\/nunoo-sac-chiara-pocket-washed-black\/"},"modified":"2024-10-15T18:12:12","modified_gmt":"2024-10-15T16:12:12","slug":"nunoo-sac-chiara-pocket-washed-black","status":"publish","type":"product","link":"https:\/\/streetmarkets.fr\/app\/produit\/nunoo-sac-chiara-pocket-washed-black\/","title":{"rendered":"N\u00fanoo &#8211; Sac Chiara Pocket Washed Black"},"content":{"rendered":"<p>Chiara Pocket poss\u00e8de un compartiment principal, une poche int\u00e9rieure, une petite poche qui se ferme par une fermeture \u00e9clair \u00e0 l&#8217;arri\u00e8re et cinq poches \u00e0 l&#8217;ext\u00e9rieur qui se ferment toutes par une fermeture \u00e9clair. Sur la bandouli\u00e8re se trouve une petite poche amovible qui se ferme gr\u00e2ce \u00e0 une fermeture \u00e9clair.<\/p>\n<p>&nbsp;<\/p>\n<p>Qualit\u00e9 : 90% Cuir \/ 10% Coton<\/p>\n<p>Dimensions : H : 27 cm L : 27 cm P : 16 cm<\/p>\n","protected":false},"excerpt":{"rendered":"<p>Chiara Pocket poss\u00e8de un compartiment principal, une poche int\u00e9rieure, une petite poche qui se ferme par une fermeture \u00e9clair \u00e0 l&#8217;arri\u00e8re et cinq poches \u00e0 l&#8217;ext\u00e9rieur qui se ferment toutes par une fermeture \u00e9clair. Sur la bandouli\u00e8re se trouve une petite poche amovible qui se ferme gr\u00e2ce \u00e0 une fermeture \u00e9clair. &nbsp; Qualit\u00e9 : 90% [&hellip;]<\/p>\n","protected":false},"featured_media":716228,"comment_status":"open","ping_status":"closed","template":"","meta":[],"product_brand":[],"product_cat":[1756,1764],"product_tag":[],"acf":[],"_links":{"self":[{"href":"https:\/\/streetmarkets.fr\/app\/wp-json\/wp\/v2\/product\/716227"}],"collection":[{"href":"https:\/\/streetmarkets.fr\/app\/wp-json\/wp\/v2\/product"}],"about":[{"href":"https:\/\/streetmarkets.fr\/app\/wp-json\/wp\/v2\/types\/product"}],"replies":[{"embeddable":true,"href":"https:\/\/streetmarkets.fr\/app\/wp-json\/wp\/v2\/comments?post=716227"}],"wp:featuredmedia":[{"embeddable":true,"href":"https:\/\/streetmarkets.fr\/app\/wp-json\/wp\/v2\/media\/716228"}],"wp:attachment":[{"href":"https:\/\/streetmarkets.fr\/app\/wp-json\/wp\/v2\/media?parent=716227"}],"wp:term":[{"taxonomy":"product_brand","embeddable":true,"href":"https:\/\/streetmarkets.fr\/app\/wp-json\/wp\/v2\/product_brand?post=716227"},{"taxonomy":"product_cat","embeddable":true,"href":"https:\/\/streetmarkets.fr\/app\/wp-json\/wp\/v2\/product_cat?post=716227"},{"taxonomy":"product_tag","embeddable":true,"href":"https:\/\/streetmarkets.fr\/app\/wp-json\/wp\/v2\/product_tag?post=716227"}],"curies":[{"name":"wp","href":"https:\/\/api.w.org\/{rel}","templated":true}]}}