{"id":716201,"date":"2024-10-15T18:11:40","date_gmt":"2024-10-15T16:11:40","guid":{"rendered":"https:\/\/streetmarkets.fr\/app\/produit\/nunoo-sac-helena-recycled-cool-pink\/"},"modified":"2024-10-15T18:12:12","modified_gmt":"2024-10-15T16:12:12","slug":"nunoo-sac-helena-recycled-cool-pink","status":"publish","type":"product","link":"https:\/\/streetmarkets.fr\/app\/produit\/nunoo-sac-helena-recycled-cool-pink\/","title":{"rendered":"N\u00fanoo &#8211; Sac Helena Recycled Cool Pink"},"content":{"rendered":"<p>Helena m\u00e9tallique a un grand compartiment principal, un compartiment \u00e0 l&#8217;ext\u00e9rieur avec deux petites poches qui se ferment toutes avec une fermeture \u00e9clair.<\/p>\n<p>&nbsp;<\/p>\n<p>Le sac peut \u00eatre port\u00e9 de trois mani\u00e8res diff\u00e9rentes, \u00e0 la main avec la petite bandouli\u00e8re, et comme sac \u00e0 bandouli\u00e8re et bandouli\u00e8re avec une bandouli\u00e8re en cuir r\u00e9glable et amovible et avec une cha\u00eene amovible.<\/p>\n<p>&nbsp;<\/p>\n<p>Qualit\u00e9 : 100% PU<\/p>\n<p>Dimensions : L : 18 cm H : 10 cm P : 4 c<\/p>\n","protected":false},"excerpt":{"rendered":"<p>Helena m\u00e9tallique a un grand compartiment principal, un compartiment \u00e0 l&#8217;ext\u00e9rieur avec deux petites poches qui se ferment toutes avec une fermeture \u00e9clair. &nbsp; Le sac peut \u00eatre port\u00e9 de trois mani\u00e8res diff\u00e9rentes, \u00e0 la main avec la petite bandouli\u00e8re, et comme sac \u00e0 bandouli\u00e8re et bandouli\u00e8re avec une bandouli\u00e8re en cuir r\u00e9glable et amovible [&hellip;]<\/p>\n","protected":false},"featured_media":716202,"comment_status":"open","ping_status":"closed","template":"","meta":[],"product_brand":[],"product_cat":[1756,1764],"product_tag":[1810],"acf":[],"_links":{"self":[{"href":"https:\/\/streetmarkets.fr\/app\/wp-json\/wp\/v2\/product\/716201"}],"collection":[{"href":"https:\/\/streetmarkets.fr\/app\/wp-json\/wp\/v2\/product"}],"about":[{"href":"https:\/\/streetmarkets.fr\/app\/wp-json\/wp\/v2\/types\/product"}],"replies":[{"embeddable":true,"href":"https:\/\/streetmarkets.fr\/app\/wp-json\/wp\/v2\/comments?post=716201"}],"wp:featuredmedia":[{"embeddable":true,"href":"https:\/\/streetmarkets.fr\/app\/wp-json\/wp\/v2\/media\/716202"}],"wp:attachment":[{"href":"https:\/\/streetmarkets.fr\/app\/wp-json\/wp\/v2\/media?parent=716201"}],"wp:term":[{"taxonomy":"product_brand","embeddable":true,"href":"https:\/\/streetmarkets.fr\/app\/wp-json\/wp\/v2\/product_brand?post=716201"},{"taxonomy":"product_cat","embeddable":true,"href":"https:\/\/streetmarkets.fr\/app\/wp-json\/wp\/v2\/product_cat?post=716201"},{"taxonomy":"product_tag","embeddable":true,"href":"https:\/\/streetmarkets.fr\/app\/wp-json\/wp\/v2\/product_tag?post=716201"}],"curies":[{"name":"wp","href":"https:\/\/api.w.org\/{rel}","templated":true}]}}