{"id":716195,"date":"2024-10-15T18:11:39","date_gmt":"2024-10-15T16:11:39","guid":{"rendered":"https:\/\/streetmarkets.fr\/app\/produit\/nunoo-sac-helena-cozy-mint-w-gold\/"},"modified":"2024-10-15T18:12:12","modified_gmt":"2024-10-15T16:12:12","slug":"nunoo-sac-helena-cozy-mint-w-gold","status":"publish","type":"product","link":"https:\/\/streetmarkets.fr\/app\/produit\/nunoo-sac-helena-cozy-mint-w-gold\/","title":{"rendered":"N\u00fanoo &#8211; Sac Helena Cozy Mint w. Gold"},"content":{"rendered":"<p>Helena cosy poss\u00e8de un grand compartiment principal qui se ferme par un zip. Le sac peut \u00eatre port\u00e9 en bandouli\u00e8re ou en bandouli\u00e8re.<\/p>\n<p>&nbsp;<\/p>\n<p>Qualit\u00e9 : 90% Cuir \/ 10% Coton<\/p>\n<p>Dimensions : H : 10 cm L : 17,5 cm P : 4 cm<\/p>\n","protected":false},"excerpt":{"rendered":"<p>Helena cosy poss\u00e8de un grand compartiment principal qui se ferme par un zip. Le sac peut \u00eatre port\u00e9 en bandouli\u00e8re ou en bandouli\u00e8re. &nbsp; Qualit\u00e9 : 90% Cuir \/ 10% Coton Dimensions : H : 10 cm L : 17,5 cm P : 4 cm<\/p>\n","protected":false},"featured_media":716196,"comment_status":"open","ping_status":"closed","template":"","meta":[],"product_brand":[],"product_cat":[1756,1764],"product_tag":[],"acf":[],"_links":{"self":[{"href":"https:\/\/streetmarkets.fr\/app\/wp-json\/wp\/v2\/product\/716195"}],"collection":[{"href":"https:\/\/streetmarkets.fr\/app\/wp-json\/wp\/v2\/product"}],"about":[{"href":"https:\/\/streetmarkets.fr\/app\/wp-json\/wp\/v2\/types\/product"}],"replies":[{"embeddable":true,"href":"https:\/\/streetmarkets.fr\/app\/wp-json\/wp\/v2\/comments?post=716195"}],"wp:featuredmedia":[{"embeddable":true,"href":"https:\/\/streetmarkets.fr\/app\/wp-json\/wp\/v2\/media\/716196"}],"wp:attachment":[{"href":"https:\/\/streetmarkets.fr\/app\/wp-json\/wp\/v2\/media?parent=716195"}],"wp:term":[{"taxonomy":"product_brand","embeddable":true,"href":"https:\/\/streetmarkets.fr\/app\/wp-json\/wp\/v2\/product_brand?post=716195"},{"taxonomy":"product_cat","embeddable":true,"href":"https:\/\/streetmarkets.fr\/app\/wp-json\/wp\/v2\/product_cat?post=716195"},{"taxonomy":"product_tag","embeddable":true,"href":"https:\/\/streetmarkets.fr\/app\/wp-json\/wp\/v2\/product_tag?post=716195"}],"curies":[{"name":"wp","href":"https:\/\/api.w.org\/{rel}","templated":true}]}}