{"id":716176,"date":"2024-10-15T18:11:15","date_gmt":"2024-10-15T16:11:15","guid":{"rendered":"https:\/\/streetmarkets.fr\/app\/produit\/nunoo-helena-club-black\/"},"modified":"2024-10-15T18:11:38","modified_gmt":"2024-10-15T16:11:38","slug":"nunoo-helena-club-black","status":"publish","type":"product","link":"https:\/\/streetmarkets.fr\/app\/produit\/nunoo-helena-club-black\/","title":{"rendered":"N\u00fanoo &#8211; Helena Club black"},"content":{"rendered":"<p>Le club Helena est en cuir et poss\u00e8de un grand compartiment avec deux petites poches sur le devant. \u00c0 l&#8217;int\u00e9rieur des sacs se trouve une poche int\u00e9rieure \u2013 toutes les poches se ferment avec une fermeture \u00e9clair. Le sac a une bandouli\u00e8re plus petite. De plus, une cha\u00eene et une sangle r\u00e9glable sont incluses et peuvent \u00eatre appliqu\u00e9es.<\/p>\n<p>Model is 165 cm.<\/p>\n<p>Quality: Leather<br \/>Dimensions: H: 11 cm W: 19 cm D: 4 cm<\/p>\n","protected":false},"excerpt":{"rendered":"<p>Le club Helena est en cuir et poss\u00e8de un grand compartiment avec deux petites poches sur le devant. \u00c0 l&#8217;int\u00e9rieur des sacs se trouve une poche int\u00e9rieure \u2013 toutes les poches se ferment avec une fermeture \u00e9clair. Le sac a une bandouli\u00e8re plus petite. De plus, une cha\u00eene et une sangle r\u00e9glable sont incluses et [&hellip;]<\/p>\n","protected":false},"featured_media":716177,"comment_status":"open","ping_status":"closed","template":"","meta":[],"product_brand":[],"product_cat":[1756,1764],"product_tag":[],"acf":[],"_links":{"self":[{"href":"https:\/\/streetmarkets.fr\/app\/wp-json\/wp\/v2\/product\/716176"}],"collection":[{"href":"https:\/\/streetmarkets.fr\/app\/wp-json\/wp\/v2\/product"}],"about":[{"href":"https:\/\/streetmarkets.fr\/app\/wp-json\/wp\/v2\/types\/product"}],"replies":[{"embeddable":true,"href":"https:\/\/streetmarkets.fr\/app\/wp-json\/wp\/v2\/comments?post=716176"}],"wp:featuredmedia":[{"embeddable":true,"href":"https:\/\/streetmarkets.fr\/app\/wp-json\/wp\/v2\/media\/716177"}],"wp:attachment":[{"href":"https:\/\/streetmarkets.fr\/app\/wp-json\/wp\/v2\/media?parent=716176"}],"wp:term":[{"taxonomy":"product_brand","embeddable":true,"href":"https:\/\/streetmarkets.fr\/app\/wp-json\/wp\/v2\/product_brand?post=716176"},{"taxonomy":"product_cat","embeddable":true,"href":"https:\/\/streetmarkets.fr\/app\/wp-json\/wp\/v2\/product_cat?post=716176"},{"taxonomy":"product_tag","embeddable":true,"href":"https:\/\/streetmarkets.fr\/app\/wp-json\/wp\/v2\/product_tag?post=716176"}],"curies":[{"name":"wp","href":"https:\/\/api.w.org\/{rel}","templated":true}]}}