{"id":716165,"date":"2024-10-15T18:11:14","date_gmt":"2024-10-15T16:11:14","guid":{"rendered":"https:\/\/streetmarkets.fr\/app\/produit\/nunoo-helena-new-zealand-sea\/"},"modified":"2024-10-15T18:11:37","modified_gmt":"2024-10-15T16:11:37","slug":"nunoo-helena-new-zealand-sea","status":"publish","type":"product","link":"https:\/\/streetmarkets.fr\/app\/produit\/nunoo-helena-new-zealand-sea\/","title":{"rendered":"N\u00fanoo &#8211; Helena new zealand sea"},"content":{"rendered":"<p>Vous pouvez maintenant mettre la main sur Helena, dans le design n\u00e9o-z\u00e9landais classique et magnifique dans une couleur marine, qui rend Helena totalement accrocheuse. Helena est toujours livr\u00e9e avec une petite bandouli\u00e8re avec des rivets pour maintenir le sac \u00e0 la main, ainsi qu&#8217;une bandouli\u00e8re r\u00e9glable.<\/p>\n<p>&nbsp;<\/p>\n<p>Qualit\u00e9 : 90% Cuir \/ 10% Coton<\/p>\n<p>Dimensions : L : 18 cm H : 10 cm P : 4 cm<\/p>\n","protected":false},"excerpt":{"rendered":"<p>Vous pouvez maintenant mettre la main sur Helena, dans le design n\u00e9o-z\u00e9landais classique et magnifique dans une couleur marine, qui rend Helena totalement accrocheuse. Helena est toujours livr\u00e9e avec une petite bandouli\u00e8re avec des rivets pour maintenir le sac \u00e0 la main, ainsi qu&#8217;une bandouli\u00e8re r\u00e9glable. &nbsp; Qualit\u00e9 : 90% Cuir \/ 10% Coton Dimensions [&hellip;]<\/p>\n","protected":false},"featured_media":716166,"comment_status":"open","ping_status":"closed","template":"","meta":[],"product_brand":[],"product_cat":[1756,1764],"product_tag":[],"acf":[],"_links":{"self":[{"href":"https:\/\/streetmarkets.fr\/app\/wp-json\/wp\/v2\/product\/716165"}],"collection":[{"href":"https:\/\/streetmarkets.fr\/app\/wp-json\/wp\/v2\/product"}],"about":[{"href":"https:\/\/streetmarkets.fr\/app\/wp-json\/wp\/v2\/types\/product"}],"replies":[{"embeddable":true,"href":"https:\/\/streetmarkets.fr\/app\/wp-json\/wp\/v2\/comments?post=716165"}],"wp:featuredmedia":[{"embeddable":true,"href":"https:\/\/streetmarkets.fr\/app\/wp-json\/wp\/v2\/media\/716166"}],"wp:attachment":[{"href":"https:\/\/streetmarkets.fr\/app\/wp-json\/wp\/v2\/media?parent=716165"}],"wp:term":[{"taxonomy":"product_brand","embeddable":true,"href":"https:\/\/streetmarkets.fr\/app\/wp-json\/wp\/v2\/product_brand?post=716165"},{"taxonomy":"product_cat","embeddable":true,"href":"https:\/\/streetmarkets.fr\/app\/wp-json\/wp\/v2\/product_cat?post=716165"},{"taxonomy":"product_tag","embeddable":true,"href":"https:\/\/streetmarkets.fr\/app\/wp-json\/wp\/v2\/product_tag?post=716165"}],"curies":[{"name":"wp","href":"https:\/\/api.w.org\/{rel}","templated":true}]}}