{"id":716159,"date":"2024-10-15T18:11:14","date_gmt":"2024-10-15T16:11:14","guid":{"rendered":"https:\/\/streetmarkets.fr\/app\/produit\/nunoo-dandy-braided-nature-black\/"},"modified":"2024-10-15T18:11:37","modified_gmt":"2024-10-15T16:11:37","slug":"nunoo-dandy-braided-nature-black","status":"publish","type":"product","link":"https:\/\/streetmarkets.fr\/app\/produit\/nunoo-dandy-braided-nature-black\/","title":{"rendered":"N\u00fanoo -Dandy Braided nature Black"},"content":{"rendered":"<p>Le sac poss\u00e8de un compartiment principal qui se ferme par un zip. Une cha\u00eene est incluse, ce qui permet de porter le sac en bandouli\u00e8re ou \u00e0 l&#8217;\u00e9paule. La cha\u00eene est amovible.<\/p>\n<p>&nbsp;<\/p>\n<p>Le mod\u00e8le mesure 165 cm<\/p>\n<p>&nbsp;<\/p>\n<p>Qualit\u00e9 : 90% Cuir \/ 10% Coton<\/p>\n<p>Dimensions : H : 18 cm L : 30 cm P : 7 cm<\/p>\n","protected":false},"excerpt":{"rendered":"<p>Le sac poss\u00e8de un compartiment principal qui se ferme par un zip. Une cha\u00eene est incluse, ce qui permet de porter le sac en bandouli\u00e8re ou \u00e0 l&#8217;\u00e9paule. La cha\u00eene est amovible. &nbsp; Le mod\u00e8le mesure 165 cm &nbsp; Qualit\u00e9 : 90% Cuir \/ 10% Coton Dimensions : H : 18 cm L : 30 [&hellip;]<\/p>\n","protected":false},"featured_media":716160,"comment_status":"open","ping_status":"closed","template":"","meta":[],"product_brand":[],"product_cat":[1756,1764],"product_tag":[],"acf":[],"_links":{"self":[{"href":"https:\/\/streetmarkets.fr\/app\/wp-json\/wp\/v2\/product\/716159"}],"collection":[{"href":"https:\/\/streetmarkets.fr\/app\/wp-json\/wp\/v2\/product"}],"about":[{"href":"https:\/\/streetmarkets.fr\/app\/wp-json\/wp\/v2\/types\/product"}],"replies":[{"embeddable":true,"href":"https:\/\/streetmarkets.fr\/app\/wp-json\/wp\/v2\/comments?post=716159"}],"wp:featuredmedia":[{"embeddable":true,"href":"https:\/\/streetmarkets.fr\/app\/wp-json\/wp\/v2\/media\/716160"}],"wp:attachment":[{"href":"https:\/\/streetmarkets.fr\/app\/wp-json\/wp\/v2\/media?parent=716159"}],"wp:term":[{"taxonomy":"product_brand","embeddable":true,"href":"https:\/\/streetmarkets.fr\/app\/wp-json\/wp\/v2\/product_brand?post=716159"},{"taxonomy":"product_cat","embeddable":true,"href":"https:\/\/streetmarkets.fr\/app\/wp-json\/wp\/v2\/product_cat?post=716159"},{"taxonomy":"product_tag","embeddable":true,"href":"https:\/\/streetmarkets.fr\/app\/wp-json\/wp\/v2\/product_tag?post=716159"}],"curies":[{"name":"wp","href":"https:\/\/api.w.org\/{rel}","templated":true}]}}