{"id":716152,"date":"2024-10-15T18:11:13","date_gmt":"2024-10-15T16:11:13","guid":{"rendered":"https:\/\/streetmarkets.fr\/app\/produit\/nunoo-helena-city-green\/"},"modified":"2024-10-15T18:11:37","modified_gmt":"2024-10-15T16:11:37","slug":"nunoo-helena-city-green","status":"publish","type":"product","link":"https:\/\/streetmarkets.fr\/app\/produit\/nunoo-helena-city-green\/","title":{"rendered":"N\u00fanoo &#8211; Helena City Green"},"content":{"rendered":"<p>Helena avec d\u00e9tails de clous. Le sac a deux grands compartiments et deux petits compartiments sur le devant. Le sac est livr\u00e9 avec une cha\u00eene et une bandouli\u00e8re en cuir r\u00e9glable<\/p>\n<p>Quality: 90% Leather \/ 10% Cotton<br \/>Dimensions: H: 10 cm W: 17,5 cm D: 4 cm<\/p>\n","protected":false},"excerpt":{"rendered":"<p>Helena avec d\u00e9tails de clous. Le sac a deux grands compartiments et deux petits compartiments sur le devant. Le sac est livr\u00e9 avec une cha\u00eene et une bandouli\u00e8re en cuir r\u00e9glable Quality: 90% Leather \/ 10% CottonDimensions: H: 10 cm W: 17,5 cm D: 4 cm<\/p>\n","protected":false},"featured_media":716153,"comment_status":"open","ping_status":"closed","template":"","meta":[],"product_brand":[],"product_cat":[1756,1764],"product_tag":[],"acf":[],"_links":{"self":[{"href":"https:\/\/streetmarkets.fr\/app\/wp-json\/wp\/v2\/product\/716152"}],"collection":[{"href":"https:\/\/streetmarkets.fr\/app\/wp-json\/wp\/v2\/product"}],"about":[{"href":"https:\/\/streetmarkets.fr\/app\/wp-json\/wp\/v2\/types\/product"}],"replies":[{"embeddable":true,"href":"https:\/\/streetmarkets.fr\/app\/wp-json\/wp\/v2\/comments?post=716152"}],"wp:featuredmedia":[{"embeddable":true,"href":"https:\/\/streetmarkets.fr\/app\/wp-json\/wp\/v2\/media\/716153"}],"wp:attachment":[{"href":"https:\/\/streetmarkets.fr\/app\/wp-json\/wp\/v2\/media?parent=716152"}],"wp:term":[{"taxonomy":"product_brand","embeddable":true,"href":"https:\/\/streetmarkets.fr\/app\/wp-json\/wp\/v2\/product_brand?post=716152"},{"taxonomy":"product_cat","embeddable":true,"href":"https:\/\/streetmarkets.fr\/app\/wp-json\/wp\/v2\/product_cat?post=716152"},{"taxonomy":"product_tag","embeddable":true,"href":"https:\/\/streetmarkets.fr\/app\/wp-json\/wp\/v2\/product_tag?post=716152"}],"curies":[{"name":"wp","href":"https:\/\/api.w.org\/{rel}","templated":true}]}}