{"id":716139,"date":"2024-10-15T18:11:13","date_gmt":"2024-10-15T16:11:13","guid":{"rendered":"https:\/\/streetmarkets.fr\/app\/produit\/nunoo-sac-helena-new-zealand-black-w-gold\/"},"modified":"2024-10-15T18:11:37","modified_gmt":"2024-10-15T16:11:37","slug":"nunoo-sac-helena-new-zealand-black-w-gold","status":"publish","type":"product","link":"https:\/\/streetmarkets.fr\/app\/produit\/nunoo-sac-helena-new-zealand-black-w-gold\/","title":{"rendered":"N\u00fanoo -Sac Helena New Zealand black w. gold"},"content":{"rendered":"<p>Le sac est fait de notre cuir n\u00e9o-z\u00e9landais et a des d\u00e9tails dor\u00e9s. Le compartiment principal et les trois compartiments \u00e0 l&#8217;avant du sac se ferment tous par un zip. Le sac est livr\u00e9 avec une bandouli\u00e8re en cuir r\u00e9glable et une cha\u00eene.<\/p>\n<p>Quality: Leather<br \/>Dimensions: H: 10 cm W: 17,5 cm D: 4 cm<\/p>\n","protected":false},"excerpt":{"rendered":"<p>Le sac est fait de notre cuir n\u00e9o-z\u00e9landais et a des d\u00e9tails dor\u00e9s. Le compartiment principal et les trois compartiments \u00e0 l&#8217;avant du sac se ferment tous par un zip. Le sac est livr\u00e9 avec une bandouli\u00e8re en cuir r\u00e9glable et une cha\u00eene. Quality: LeatherDimensions: H: 10 cm W: 17,5 cm D: 4 cm<\/p>\n","protected":false},"featured_media":716140,"comment_status":"open","ping_status":"closed","template":"","meta":[],"product_brand":[],"product_cat":[1756,1764],"product_tag":[],"acf":[],"_links":{"self":[{"href":"https:\/\/streetmarkets.fr\/app\/wp-json\/wp\/v2\/product\/716139"}],"collection":[{"href":"https:\/\/streetmarkets.fr\/app\/wp-json\/wp\/v2\/product"}],"about":[{"href":"https:\/\/streetmarkets.fr\/app\/wp-json\/wp\/v2\/types\/product"}],"replies":[{"embeddable":true,"href":"https:\/\/streetmarkets.fr\/app\/wp-json\/wp\/v2\/comments?post=716139"}],"wp:featuredmedia":[{"embeddable":true,"href":"https:\/\/streetmarkets.fr\/app\/wp-json\/wp\/v2\/media\/716140"}],"wp:attachment":[{"href":"https:\/\/streetmarkets.fr\/app\/wp-json\/wp\/v2\/media?parent=716139"}],"wp:term":[{"taxonomy":"product_brand","embeddable":true,"href":"https:\/\/streetmarkets.fr\/app\/wp-json\/wp\/v2\/product_brand?post=716139"},{"taxonomy":"product_cat","embeddable":true,"href":"https:\/\/streetmarkets.fr\/app\/wp-json\/wp\/v2\/product_cat?post=716139"},{"taxonomy":"product_tag","embeddable":true,"href":"https:\/\/streetmarkets.fr\/app\/wp-json\/wp\/v2\/product_tag?post=716139"}],"curies":[{"name":"wp","href":"https:\/\/api.w.org\/{rel}","templated":true}]}}