{"id":716130,"date":"2024-10-15T18:11:12","date_gmt":"2024-10-15T16:11:12","guid":{"rendered":"https:\/\/streetmarkets.fr\/app\/produit\/sac-helena-pure-disco-black\/"},"modified":"2024-10-15T18:11:37","modified_gmt":"2024-10-15T16:11:37","slug":"sac-helena-pure-disco-black","status":"publish","type":"product","link":"https:\/\/streetmarkets.fr\/app\/produit\/sac-helena-pure-disco-black\/","title":{"rendered":"Sac Helena Pure Disco Black"},"content":{"rendered":"<p>Helena a maintenant d\u00e9barqu\u00e9 dans une version brute ! Pure est un beau mat\u00e9riau en cuir lisse qui ajoute de l&#8217;\u00e9l\u00e9gance \u00e0 votre sac avec un look intemporel, o\u00f9 les rivets le rendent vraiment cool \u00e0 transporter. Il peut contenir un iPhone X, un porte-cartes, un lip baml, etc. Helena est toujours livr\u00e9e avec une petite sangle avec des rivets pour tenir le sac dans sa main, et une sangle amovible et r\u00e9glable.<\/p>\n<p>Quality:&nbsp;90% Leather \/ 10% Cotton<\/p>\n<p>Dimensions: H: 10 cm W: 17,5 cm D: 4 cm<\/p>\n<p>&nbsp;<\/p>\n","protected":false},"excerpt":{"rendered":"<p>Helena a maintenant d\u00e9barqu\u00e9 dans une version brute ! Pure est un beau mat\u00e9riau en cuir lisse qui ajoute de l&#8217;\u00e9l\u00e9gance \u00e0 votre sac avec un look intemporel, o\u00f9 les rivets le rendent vraiment cool \u00e0 transporter. Il peut contenir un iPhone X, un porte-cartes, un lip baml, etc. Helena est toujours livr\u00e9e avec une [&hellip;]<\/p>\n","protected":false},"featured_media":716131,"comment_status":"open","ping_status":"closed","template":"","meta":[],"product_brand":[],"product_cat":[1756,1764],"product_tag":[],"acf":[],"_links":{"self":[{"href":"https:\/\/streetmarkets.fr\/app\/wp-json\/wp\/v2\/product\/716130"}],"collection":[{"href":"https:\/\/streetmarkets.fr\/app\/wp-json\/wp\/v2\/product"}],"about":[{"href":"https:\/\/streetmarkets.fr\/app\/wp-json\/wp\/v2\/types\/product"}],"replies":[{"embeddable":true,"href":"https:\/\/streetmarkets.fr\/app\/wp-json\/wp\/v2\/comments?post=716130"}],"wp:featuredmedia":[{"embeddable":true,"href":"https:\/\/streetmarkets.fr\/app\/wp-json\/wp\/v2\/media\/716131"}],"wp:attachment":[{"href":"https:\/\/streetmarkets.fr\/app\/wp-json\/wp\/v2\/media?parent=716130"}],"wp:term":[{"taxonomy":"product_brand","embeddable":true,"href":"https:\/\/streetmarkets.fr\/app\/wp-json\/wp\/v2\/product_brand?post=716130"},{"taxonomy":"product_cat","embeddable":true,"href":"https:\/\/streetmarkets.fr\/app\/wp-json\/wp\/v2\/product_cat?post=716130"},{"taxonomy":"product_tag","embeddable":true,"href":"https:\/\/streetmarkets.fr\/app\/wp-json\/wp\/v2\/product_tag?post=716130"}],"curies":[{"name":"wp","href":"https:\/\/api.w.org\/{rel}","templated":true}]}}