{"id":716079,"date":"2024-10-15T18:11:08","date_gmt":"2024-10-15T16:11:08","guid":{"rendered":"https:\/\/streetmarkets.fr\/app\/produit\/compania-fantastica-manteau-midi-a-carreaux-verts\/"},"modified":"2024-10-15T18:11:36","modified_gmt":"2024-10-15T16:11:36","slug":"compania-fantastica-manteau-midi-a-carreaux-verts","status":"publish","type":"product","link":"https:\/\/streetmarkets.fr\/app\/produit\/compania-fantastica-manteau-midi-a-carreaux-verts\/","title":{"rendered":"COMPANIA FANTASTICA &#8211; Manteau midi \u00e0 carreaux verts"},"content":{"rendered":"<p>Manteau mi-long \u00e0 imprim\u00e9 carreaux verts et marron. Avec col \u00e0 revers et manches longues. Fermeture boutonn\u00e9e sur le devant et poches lat\u00e9rales. Doublure int\u00e9rieure. Le mannequin mesure 176 cm et porte une taille S.<\/p>\n<p>43C\/11086<\/p>\n<p>100% Polyester<\/p>\n","protected":false},"excerpt":{"rendered":"<p>Manteau mi-long \u00e0 imprim\u00e9 carreaux verts et marron. Avec col \u00e0 revers et manches longues. Fermeture boutonn\u00e9e sur le devant et poches lat\u00e9rales. Doublure int\u00e9rieure. Le mannequin mesure 176 cm et porte une taille S. 43C\/11086 100% Polyester<\/p>\n","protected":false},"featured_media":716080,"comment_status":"open","ping_status":"closed","template":"","meta":[],"product_brand":[],"product_cat":[1756,1758],"product_tag":[],"acf":[],"_links":{"self":[{"href":"https:\/\/streetmarkets.fr\/app\/wp-json\/wp\/v2\/product\/716079"}],"collection":[{"href":"https:\/\/streetmarkets.fr\/app\/wp-json\/wp\/v2\/product"}],"about":[{"href":"https:\/\/streetmarkets.fr\/app\/wp-json\/wp\/v2\/types\/product"}],"replies":[{"embeddable":true,"href":"https:\/\/streetmarkets.fr\/app\/wp-json\/wp\/v2\/comments?post=716079"}],"wp:featuredmedia":[{"embeddable":true,"href":"https:\/\/streetmarkets.fr\/app\/wp-json\/wp\/v2\/media\/716080"}],"wp:attachment":[{"href":"https:\/\/streetmarkets.fr\/app\/wp-json\/wp\/v2\/media?parent=716079"}],"wp:term":[{"taxonomy":"product_brand","embeddable":true,"href":"https:\/\/streetmarkets.fr\/app\/wp-json\/wp\/v2\/product_brand?post=716079"},{"taxonomy":"product_cat","embeddable":true,"href":"https:\/\/streetmarkets.fr\/app\/wp-json\/wp\/v2\/product_cat?post=716079"},{"taxonomy":"product_tag","embeddable":true,"href":"https:\/\/streetmarkets.fr\/app\/wp-json\/wp\/v2\/product_tag?post=716079"}],"curies":[{"name":"wp","href":"https:\/\/api.w.org\/{rel}","templated":true}]}}