{"id":716071,"date":"2024-10-15T18:11:07","date_gmt":"2024-10-15T16:11:07","guid":{"rendered":"https:\/\/streetmarkets.fr\/app\/produit\/compania-fantastica-bomber-en-fourrure-a-imprime-leopard\/"},"modified":"2024-10-15T18:11:36","modified_gmt":"2024-10-15T16:11:36","slug":"compania-fantastica-bomber-en-fourrure-a-imprime-leopard","status":"publish","type":"product","link":"https:\/\/streetmarkets.fr\/app\/produit\/compania-fantastica-bomber-en-fourrure-a-imprime-leopard\/","title":{"rendered":"COMPANIA FANTASTICA &#8211; Bomber en fourrure \u00e0 imprim\u00e9 l\u00e9opard"},"content":{"rendered":"<p>Blouson aviateur en fausse fourrure \u00e0 imprim\u00e9 l\u00e9opard. Avec une encolure ronde et des manches longues termin\u00e9es par des poignets \u00e9lastiques. Fermeture zipp\u00e9e sur le devant. Doublure int\u00e9rieure. Le mannequin mesure 171 cm et porte une taille S<\/p>\n<p>44C\/11100<\/p>\n<p>100% Polyester<\/p>\n","protected":false},"excerpt":{"rendered":"<p>Blouson aviateur en fausse fourrure \u00e0 imprim\u00e9 l\u00e9opard. Avec une encolure ronde et des manches longues termin\u00e9es par des poignets \u00e9lastiques. Fermeture zipp\u00e9e sur le devant. Doublure int\u00e9rieure. Le mannequin mesure 171 cm et porte une taille S 44C\/11100 100% Polyester<\/p>\n","protected":false},"featured_media":716072,"comment_status":"open","ping_status":"closed","template":"","meta":[],"product_brand":[],"product_cat":[1756,1758],"product_tag":[],"acf":[],"_links":{"self":[{"href":"https:\/\/streetmarkets.fr\/app\/wp-json\/wp\/v2\/product\/716071"}],"collection":[{"href":"https:\/\/streetmarkets.fr\/app\/wp-json\/wp\/v2\/product"}],"about":[{"href":"https:\/\/streetmarkets.fr\/app\/wp-json\/wp\/v2\/types\/product"}],"replies":[{"embeddable":true,"href":"https:\/\/streetmarkets.fr\/app\/wp-json\/wp\/v2\/comments?post=716071"}],"wp:featuredmedia":[{"embeddable":true,"href":"https:\/\/streetmarkets.fr\/app\/wp-json\/wp\/v2\/media\/716072"}],"wp:attachment":[{"href":"https:\/\/streetmarkets.fr\/app\/wp-json\/wp\/v2\/media?parent=716071"}],"wp:term":[{"taxonomy":"product_brand","embeddable":true,"href":"https:\/\/streetmarkets.fr\/app\/wp-json\/wp\/v2\/product_brand?post=716071"},{"taxonomy":"product_cat","embeddable":true,"href":"https:\/\/streetmarkets.fr\/app\/wp-json\/wp\/v2\/product_cat?post=716071"},{"taxonomy":"product_tag","embeddable":true,"href":"https:\/\/streetmarkets.fr\/app\/wp-json\/wp\/v2\/product_tag?post=716071"}],"curies":[{"name":"wp","href":"https:\/\/api.w.org\/{rel}","templated":true}]}}