{"id":716021,"date":"2024-10-15T18:11:02","date_gmt":"2024-10-15T16:11:02","guid":{"rendered":"https:\/\/streetmarkets.fr\/app\/produit\/maison-hotel-theodora-jacket-botanic-anguria\/"},"modified":"2024-10-15T18:11:35","modified_gmt":"2024-10-15T16:11:35","slug":"maison-hotel-theodora-jacket-botanic-anguria","status":"publish","type":"product","link":"https:\/\/streetmarkets.fr\/app\/produit\/maison-hotel-theodora-jacket-botanic-anguria\/","title":{"rendered":"Maison Hotel &#8211; Theodora Jacket &#8211; Botanic Anguria"},"content":{"rendered":"<p>La veste Theodora en Anguria botanique.<\/p>\n<p>&nbsp;<\/p>\n<p>Entrez dans l&#8217;hiver envelopp\u00e9 dans la veste matelass\u00e9e Theodora, audacieuse et sans complexe. Cette pi\u00e8ce marie des motifs floraux d&#8217;inspiration vintage avec une touche boh\u00e8me et robuste. La riche tapisserie de couleurs &#8211; bordeaux profond, olive et ivoire sur fond noir.<\/p>\n<p>&nbsp;<\/p>\n<p>La texture matelass\u00e9e ajoute une couche de sophistication confortable, tandis que la ceinture \u00e0 la taille vous permet de la resserrer pour une silhouette plus d\u00e9finie.<\/p>\n<p>&nbsp;<\/p>\n<p>Associ\u00e9e \u00e0 notre pantalon Paula et resserr\u00e9e par une ceinture noire Gaucho, nous cr\u00e9ons un ensemble qui parle d&#8217;un esprit libre avec un penchant pour l&#8217;extraordinaire.<\/p>\n<p>&#8211; 100% Cotton.<\/p>\n","protected":false},"excerpt":{"rendered":"<p>La veste Theodora en Anguria botanique. &nbsp; Entrez dans l&#8217;hiver envelopp\u00e9 dans la veste matelass\u00e9e Theodora, audacieuse et sans complexe. Cette pi\u00e8ce marie des motifs floraux d&#8217;inspiration vintage avec une touche boh\u00e8me et robuste. La riche tapisserie de couleurs &#8211; bordeaux profond, olive et ivoire sur fond noir. &nbsp; La texture matelass\u00e9e ajoute une couche [&hellip;]<\/p>\n","protected":false},"featured_media":716022,"comment_status":"open","ping_status":"closed","template":"","meta":[],"product_brand":[],"product_cat":[1756,1758],"product_tag":[],"acf":[],"_links":{"self":[{"href":"https:\/\/streetmarkets.fr\/app\/wp-json\/wp\/v2\/product\/716021"}],"collection":[{"href":"https:\/\/streetmarkets.fr\/app\/wp-json\/wp\/v2\/product"}],"about":[{"href":"https:\/\/streetmarkets.fr\/app\/wp-json\/wp\/v2\/types\/product"}],"replies":[{"embeddable":true,"href":"https:\/\/streetmarkets.fr\/app\/wp-json\/wp\/v2\/comments?post=716021"}],"wp:featuredmedia":[{"embeddable":true,"href":"https:\/\/streetmarkets.fr\/app\/wp-json\/wp\/v2\/media\/716022"}],"wp:attachment":[{"href":"https:\/\/streetmarkets.fr\/app\/wp-json\/wp\/v2\/media?parent=716021"}],"wp:term":[{"taxonomy":"product_brand","embeddable":true,"href":"https:\/\/streetmarkets.fr\/app\/wp-json\/wp\/v2\/product_brand?post=716021"},{"taxonomy":"product_cat","embeddable":true,"href":"https:\/\/streetmarkets.fr\/app\/wp-json\/wp\/v2\/product_cat?post=716021"},{"taxonomy":"product_tag","embeddable":true,"href":"https:\/\/streetmarkets.fr\/app\/wp-json\/wp\/v2\/product_tag?post=716021"}],"curies":[{"name":"wp","href":"https:\/\/api.w.org\/{rel}","templated":true}]}}