{"id":716012,"date":"2024-10-15T18:11:01","date_gmt":"2024-10-15T16:11:01","guid":{"rendered":"https:\/\/streetmarkets.fr\/app\/produit\/maison-hotel-wilson-jacket-chelsea-girls\/"},"modified":"2024-10-15T18:11:35","modified_gmt":"2024-10-15T16:11:35","slug":"maison-hotel-wilson-jacket-chelsea-girls","status":"publish","type":"product","link":"https:\/\/streetmarkets.fr\/app\/produit\/maison-hotel-wilson-jacket-chelsea-girls\/","title":{"rendered":"Maison Hotel &#8211; Wilson Jacket &#8211; Chelsea Girls"},"content":{"rendered":"<p>La veste Wilson en Chelsea Girls.<\/p>\n<p>&nbsp;<\/p>\n<p>La veste Wilson est une question de contrastes audacieux. Cette veste boutonn\u00e9e l\u00e9g\u00e8rement matelass\u00e9e r\u00e9unit un m\u00e9lange de formes et de couleurs, nou\u00e9es ensemble avec des bords en ruban noir pour une finition soign\u00e9e.<\/p>\n<p>&nbsp;<\/p>\n<p>Associ\u00e9e ici au chemisier Tina Madurai, \u00e0 la ceinture noire Gaucho et au pantalon noir Viva.<\/p>\n<p>&#8211; 100% Cotton.<\/p>\n","protected":false},"excerpt":{"rendered":"<p>La veste Wilson en Chelsea Girls. &nbsp; La veste Wilson est une question de contrastes audacieux. Cette veste boutonn\u00e9e l\u00e9g\u00e8rement matelass\u00e9e r\u00e9unit un m\u00e9lange de formes et de couleurs, nou\u00e9es ensemble avec des bords en ruban noir pour une finition soign\u00e9e. &nbsp; Associ\u00e9e ici au chemisier Tina Madurai, \u00e0 la ceinture noire Gaucho et au [&hellip;]<\/p>\n","protected":false},"featured_media":716013,"comment_status":"open","ping_status":"closed","template":"","meta":[],"product_brand":[],"product_cat":[1756,1758],"product_tag":[],"acf":[],"_links":{"self":[{"href":"https:\/\/streetmarkets.fr\/app\/wp-json\/wp\/v2\/product\/716012"}],"collection":[{"href":"https:\/\/streetmarkets.fr\/app\/wp-json\/wp\/v2\/product"}],"about":[{"href":"https:\/\/streetmarkets.fr\/app\/wp-json\/wp\/v2\/types\/product"}],"replies":[{"embeddable":true,"href":"https:\/\/streetmarkets.fr\/app\/wp-json\/wp\/v2\/comments?post=716012"}],"wp:featuredmedia":[{"embeddable":true,"href":"https:\/\/streetmarkets.fr\/app\/wp-json\/wp\/v2\/media\/716013"}],"wp:attachment":[{"href":"https:\/\/streetmarkets.fr\/app\/wp-json\/wp\/v2\/media?parent=716012"}],"wp:term":[{"taxonomy":"product_brand","embeddable":true,"href":"https:\/\/streetmarkets.fr\/app\/wp-json\/wp\/v2\/product_brand?post=716012"},{"taxonomy":"product_cat","embeddable":true,"href":"https:\/\/streetmarkets.fr\/app\/wp-json\/wp\/v2\/product_cat?post=716012"},{"taxonomy":"product_tag","embeddable":true,"href":"https:\/\/streetmarkets.fr\/app\/wp-json\/wp\/v2\/product_tag?post=716012"}],"curies":[{"name":"wp","href":"https:\/\/api.w.org\/{rel}","templated":true}]}}