{"id":713053,"date":"2024-10-15T17:49:56","date_gmt":"2024-10-15T15:49:56","guid":{"rendered":"https:\/\/streetmarkets.fr\/app\/produit\/robe-imprimee-lily-en-ecovero\/"},"modified":"2026-04-29T01:43:39","modified_gmt":"2026-04-28T23:43:39","slug":"robe-imprimee-lily-en-ecovero","status":"publish","type":"product","link":"https:\/\/streetmarkets.fr\/app\/produit\/robe-imprimee-lily-en-ecovero\/","title":{"rendered":"Robe imprim\u00e9e Lily en Ecovero"},"content":{"rendered":"<ul>\n<li>robe <strong>ample<\/strong> avec ceinture<\/li>\n<li>col bateau\n<\/li>\n<li>imprim\u00e9 <strong>floral<\/strong>\n<\/li>\n<li>manches resserr\u00e9es aux poignets<\/li>\n<li>100% jersey d&#8217;<strong>Ecovero<\/strong>, la viscose \u00e9cologique mise au point par <strong>Lenzing\u00a0<img decoding=\"async\" src=\"https:\/\/cdn.shopify.com\/s\/files\/1\/0365\/8730\/7148\/files\/badge-ecovero_32x32.jpg?v=1589974738\" alt=\"\" data-mce-fragment=\"1\" data-mce-src=\"https:\/\/cdn.shopify.com\/s\/files\/1\/0365\/8730\/7148\/files\/badge-ecovero_32x32.jpg?v=1589974738\"><\/strong>\n<\/li>\n<li>marque<strong> \u00e9thique<\/strong> allemande <strong>Tranquillo\u00a0<\/strong>\n<\/li>\n<\/ul>\n","protected":false},"excerpt":{"rendered":"<p>robe ample avec ceinture col bateau imprim\u00e9 floral manches resserr\u00e9es aux poignets 100% jersey d&#8217;Ecovero, la viscose \u00e9cologique mise au point par Lenzing\u00a0 marque \u00e9thique allemande Tranquillo\u00a0<\/p>\n","protected":false},"featured_media":713054,"comment_status":"open","ping_status":"closed","template":"","meta":[],"product_brand":[],"product_cat":[1756,1762],"product_tag":[1810],"acf":[],"_links":{"self":[{"href":"https:\/\/streetmarkets.fr\/app\/wp-json\/wp\/v2\/product\/713053"}],"collection":[{"href":"https:\/\/streetmarkets.fr\/app\/wp-json\/wp\/v2\/product"}],"about":[{"href":"https:\/\/streetmarkets.fr\/app\/wp-json\/wp\/v2\/types\/product"}],"replies":[{"embeddable":true,"href":"https:\/\/streetmarkets.fr\/app\/wp-json\/wp\/v2\/comments?post=713053"}],"wp:featuredmedia":[{"embeddable":true,"href":"https:\/\/streetmarkets.fr\/app\/wp-json\/wp\/v2\/media\/713054"}],"wp:attachment":[{"href":"https:\/\/streetmarkets.fr\/app\/wp-json\/wp\/v2\/media?parent=713053"}],"wp:term":[{"taxonomy":"product_brand","embeddable":true,"href":"https:\/\/streetmarkets.fr\/app\/wp-json\/wp\/v2\/product_brand?post=713053"},{"taxonomy":"product_cat","embeddable":true,"href":"https:\/\/streetmarkets.fr\/app\/wp-json\/wp\/v2\/product_cat?post=713053"},{"taxonomy":"product_tag","embeddable":true,"href":"https:\/\/streetmarkets.fr\/app\/wp-json\/wp\/v2\/product_tag?post=713053"}],"curies":[{"name":"wp","href":"https:\/\/api.w.org\/{rel}","templated":true}]}}