{"id":713032,"date":"2024-10-15T17:49:54","date_gmt":"2024-10-15T15:49:54","guid":{"rendered":"https:\/\/streetmarkets.fr\/app\/produit\/robe-rouge-en-jersey-decovero\/"},"modified":"2026-04-08T01:43:33","modified_gmt":"2026-04-07T23:43:33","slug":"robe-rouge-en-jersey-decovero","status":"publish","type":"product","link":"https:\/\/streetmarkets.fr\/app\/produit\/robe-rouge-en-jersey-decovero\/","title":{"rendered":"Robe rouge en jersey d&#8217;Ecovero"},"content":{"rendered":"<ul>\n<li>robe <strong>rouge<\/strong> fluide en jersey d&#8217;Ecovero\n<\/li>\n<li>taille princesse\u00a0<\/li>\n<li>col V<\/li>\n<li>manches longues\u00a0<\/li>\n<li>poches sur les c\u00f4t\u00e9s<\/li>\n<li>100% <b>Ecovero<\/b>,<b> <\/b>la viscose<b> \u00e9cologique <\/b>mise au point par<b> Lenzing<\/b>\n<\/li>\n<li>marque<strong> \u00e9thique<\/strong> anglaise\u00a0<strong>Nomads Clothing<\/strong>\n<\/li>\n<\/ul>\n","protected":false},"excerpt":{"rendered":"<p>robe rouge fluide en jersey d&#8217;Ecovero taille princesse\u00a0 col V manches longues\u00a0 poches sur les c\u00f4t\u00e9s 100% Ecovero, la viscose \u00e9cologique mise au point par Lenzing marque \u00e9thique anglaise\u00a0Nomads Clothing<\/p>\n","protected":false},"featured_media":713033,"comment_status":"open","ping_status":"closed","template":"","meta":[],"product_brand":[],"product_cat":[1756,1762],"product_tag":[1810],"acf":[],"_links":{"self":[{"href":"https:\/\/streetmarkets.fr\/app\/wp-json\/wp\/v2\/product\/713032"}],"collection":[{"href":"https:\/\/streetmarkets.fr\/app\/wp-json\/wp\/v2\/product"}],"about":[{"href":"https:\/\/streetmarkets.fr\/app\/wp-json\/wp\/v2\/types\/product"}],"replies":[{"embeddable":true,"href":"https:\/\/streetmarkets.fr\/app\/wp-json\/wp\/v2\/comments?post=713032"}],"wp:featuredmedia":[{"embeddable":true,"href":"https:\/\/streetmarkets.fr\/app\/wp-json\/wp\/v2\/media\/713033"}],"wp:attachment":[{"href":"https:\/\/streetmarkets.fr\/app\/wp-json\/wp\/v2\/media?parent=713032"}],"wp:term":[{"taxonomy":"product_brand","embeddable":true,"href":"https:\/\/streetmarkets.fr\/app\/wp-json\/wp\/v2\/product_brand?post=713032"},{"taxonomy":"product_cat","embeddable":true,"href":"https:\/\/streetmarkets.fr\/app\/wp-json\/wp\/v2\/product_cat?post=713032"},{"taxonomy":"product_tag","embeddable":true,"href":"https:\/\/streetmarkets.fr\/app\/wp-json\/wp\/v2\/product_tag?post=713032"}],"curies":[{"name":"wp","href":"https:\/\/api.w.org\/{rel}","templated":true}]}}