{"id":712995,"date":"2024-10-15T17:49:50","date_gmt":"2024-10-15T15:49:50","guid":{"rendered":"https:\/\/streetmarkets.fr\/app\/produit\/pochette-a-bijoux-botanical-en-velours-imprime\/"},"modified":"2026-05-09T01:43:30","modified_gmt":"2026-05-08T23:43:30","slug":"pochette-a-bijoux-botanical-en-velours-imprime","status":"publish","type":"product","link":"https:\/\/streetmarkets.fr\/app\/produit\/pochette-a-bijoux-botanical-en-velours-imprime\/","title":{"rendered":"Pochette \u00e0 bijoux &#8220;Botanical&#8221; en velours imprim\u00e9"},"content":{"rendered":"<ul>\n<li><b>pochette \u00e0 bijoux de voyage<\/b><\/li>\n<li>100 % coton<\/li>\n<li>imprim\u00e9 <strong>velours<\/strong>\n<\/li>\n<li>int\u00e9rieur satin\u00e9 en<strong> polyester recycl\u00e9<\/strong>\n<\/li>\n<li>motif floral (<b>attention<\/b>, selon la coupe du tissu, le dessin peut \u00eatre diff\u00e9rent de celui sur la photo)<\/li>\n<li>fermeture par un lien satin\u00e9<\/li>\n<li>dimensions : 14 cm x 6 cm x 3 cm<\/li>\n<li>r\u00e9alis\u00e9 au Vietnam par un atelier de <strong>commerce \u00e9quitable<\/strong> labellis\u00e9 <strong>WFTO<\/strong> (<strong>World Fairtrade Organization<\/strong>)<\/li>\n<li>marque <strong>Earth Squared Ltd <\/strong>(membre de la<strong>\u00a0<span>British Association of Fair Trade Shops and Suppliers : BAFTS)<\/span>\u00a0<\/strong>\n<\/li>\n<\/ul>\n","protected":false},"excerpt":{"rendered":"<p>pochette \u00e0 bijoux de voyage 100 % coton imprim\u00e9 velours int\u00e9rieur satin\u00e9 en polyester recycl\u00e9 motif floral (attention, selon la coupe du tissu, le dessin peut \u00eatre diff\u00e9rent de celui sur la photo) fermeture par un lien satin\u00e9 dimensions : 14 cm x 6 cm x 3 cm r\u00e9alis\u00e9 au Vietnam par un atelier de [&hellip;]<\/p>\n","protected":false},"featured_media":712996,"comment_status":"open","ping_status":"closed","template":"","meta":[],"product_brand":[],"product_cat":[1756,1764],"product_tag":[1810,1813],"acf":[],"_links":{"self":[{"href":"https:\/\/streetmarkets.fr\/app\/wp-json\/wp\/v2\/product\/712995"}],"collection":[{"href":"https:\/\/streetmarkets.fr\/app\/wp-json\/wp\/v2\/product"}],"about":[{"href":"https:\/\/streetmarkets.fr\/app\/wp-json\/wp\/v2\/types\/product"}],"replies":[{"embeddable":true,"href":"https:\/\/streetmarkets.fr\/app\/wp-json\/wp\/v2\/comments?post=712995"}],"wp:featuredmedia":[{"embeddable":true,"href":"https:\/\/streetmarkets.fr\/app\/wp-json\/wp\/v2\/media\/712996"}],"wp:attachment":[{"href":"https:\/\/streetmarkets.fr\/app\/wp-json\/wp\/v2\/media?parent=712995"}],"wp:term":[{"taxonomy":"product_brand","embeddable":true,"href":"https:\/\/streetmarkets.fr\/app\/wp-json\/wp\/v2\/product_brand?post=712995"},{"taxonomy":"product_cat","embeddable":true,"href":"https:\/\/streetmarkets.fr\/app\/wp-json\/wp\/v2\/product_cat?post=712995"},{"taxonomy":"product_tag","embeddable":true,"href":"https:\/\/streetmarkets.fr\/app\/wp-json\/wp\/v2\/product_tag?post=712995"}],"curies":[{"name":"wp","href":"https:\/\/api.w.org\/{rel}","templated":true}]}}