{"id":712963,"date":"2024-10-15T17:49:21","date_gmt":"2024-10-15T15:49:21","guid":{"rendered":"https:\/\/streetmarkets.fr\/app\/produit\/jupe-imprimee-lily-en-ecovero\/"},"modified":"2026-05-11T01:43:38","modified_gmt":"2026-05-10T23:43:38","slug":"jupe-imprimee-lily-en-ecovero","status":"publish","type":"product","link":"https:\/\/streetmarkets.fr\/app\/produit\/jupe-imprimee-lily-en-ecovero\/","title":{"rendered":"Jupe imprim\u00e9e Lily en Ecovero"},"content":{"rendered":"<ul>\n<li>jupe midi (longueur taille S = 74 cm)<\/li>\n<li>imprim\u00e9 <strong>floral<\/strong>\n<\/li>\n<li>taille \u00e9lastiqu\u00e9e avec poches sur les c\u00f4t\u00e9s\u00a0\n<\/li>\n<li>100% jersey d&#8217;<strong>Ecovero<\/strong>, la viscose \u00e9cologique mise au point par <strong>Lenzing\u00a0<img decoding=\"async\" src=\"https:\/\/cdn.shopify.com\/s\/files\/1\/0365\/8730\/7148\/files\/badge-ecovero_32x32.jpg?v=1589974738\" alt=\"\" data-mce-fragment=\"1\"><\/strong>\n<\/li>\n<li>marque \u00e9thique allemande <strong>Tranquillo\u00a0<\/strong>\n<\/li>\n<\/ul>\n<p>\u00a0<\/p>\n<p><\/p>\n<ul><\/ul>\n","protected":false},"excerpt":{"rendered":"<p>jupe midi (longueur taille S = 74 cm) imprim\u00e9 floral taille \u00e9lastiqu\u00e9e avec poches sur les c\u00f4t\u00e9s\u00a0 100% jersey d&#8217;Ecovero, la viscose \u00e9cologique mise au point par Lenzing\u00a0 marque \u00e9thique allemande Tranquillo\u00a0 \u00a0<\/p>\n","protected":false},"featured_media":712964,"comment_status":"open","ping_status":"closed","template":"","meta":[],"product_brand":[],"product_cat":[1756,1762],"product_tag":[1810],"acf":[],"_links":{"self":[{"href":"https:\/\/streetmarkets.fr\/app\/wp-json\/wp\/v2\/product\/712963"}],"collection":[{"href":"https:\/\/streetmarkets.fr\/app\/wp-json\/wp\/v2\/product"}],"about":[{"href":"https:\/\/streetmarkets.fr\/app\/wp-json\/wp\/v2\/types\/product"}],"replies":[{"embeddable":true,"href":"https:\/\/streetmarkets.fr\/app\/wp-json\/wp\/v2\/comments?post=712963"}],"wp:featuredmedia":[{"embeddable":true,"href":"https:\/\/streetmarkets.fr\/app\/wp-json\/wp\/v2\/media\/712964"}],"wp:attachment":[{"href":"https:\/\/streetmarkets.fr\/app\/wp-json\/wp\/v2\/media?parent=712963"}],"wp:term":[{"taxonomy":"product_brand","embeddable":true,"href":"https:\/\/streetmarkets.fr\/app\/wp-json\/wp\/v2\/product_brand?post=712963"},{"taxonomy":"product_cat","embeddable":true,"href":"https:\/\/streetmarkets.fr\/app\/wp-json\/wp\/v2\/product_cat?post=712963"},{"taxonomy":"product_tag","embeddable":true,"href":"https:\/\/streetmarkets.fr\/app\/wp-json\/wp\/v2\/product_tag?post=712963"}],"curies":[{"name":"wp","href":"https:\/\/api.w.org\/{rel}","templated":true}]}}