{"id":712660,"date":"2024-10-15T17:48:46","date_gmt":"2024-10-15T15:48:46","guid":{"rendered":"https:\/\/streetmarkets.fr\/app\/produit\/chaussettes-bicyclettes-en-bambou-et-coton-bio\/"},"modified":"2026-04-15T01:43:40","modified_gmt":"2026-04-14T23:43:40","slug":"chaussettes-bicyclettes-en-bambou-et-coton-bio","status":"publish","type":"product","link":"https:\/\/streetmarkets.fr\/app\/produit\/chaussettes-bicyclettes-en-bambou-et-coton-bio\/","title":{"rendered":"Chaussettes bicyclettes en bambou et coton bio"},"content":{"rendered":"<ul data-mce-fragment=\"1\">\n<li data-mce-fragment=\"1\">chaussettes femmes<\/li>\n<li data-mce-fragment=\"1\">motif<strong> v\u00e9lo<\/strong> fond bleu indigo ou denim<\/li>\n<li data-mce-fragment=\"1\">en<span data-mce-fragment=\"1\">\u00a0<\/span><strong data-mce-fragment=\"1\">bambou<\/strong>,<span data-mce-fragment=\"1\">\u00a0<\/span><strong data-mce-fragment=\"1\">coton bio<\/strong><span data-mce-fragment=\"1\">\u00a0<\/span>et<span data-mce-fragment=\"1\">\u00a0<\/span><strong data-mce-fragment=\"1\">polyester recycl\u00e9<\/strong>\n<\/li>\n<li data-mce-fragment=\"1\">tr\u00e8s confortables<\/li>\n<li data-mce-fragment=\"1\">\n<strong data-mce-fragment=\"1\">anti-bact\u00e9rien<\/strong><span data-mce-fragment=\"1\">\u00a0<\/span>et anti-fongique<\/li>\n<li data-mce-fragment=\"1\">taille<span data-mce-fragment=\"1\">\u00a0<\/span><strong data-mce-fragment=\"1\">unique<\/strong>, 36\/40,<\/li>\n<li data-mce-fragment=\"1\">marque<span data-mce-fragment=\"1\">\u00a0<\/span><strong data-mce-fragment=\"1\">Thought<\/strong>\n<\/li>\n<li data-mce-fragment=\"1\">\n<strong data-mce-fragment=\"1\">best-seller<\/strong><span data-mce-fragment=\"1\">\u00a0<\/span>de la marque : une jolie <strong>id\u00e9e cadeau\u00a0<\/strong>\n<\/li>\n<\/ul>\n","protected":false},"excerpt":{"rendered":"<p>chaussettes femmes motif v\u00e9lo fond bleu indigo ou denim en\u00a0bambou,\u00a0coton bio\u00a0et\u00a0polyester recycl\u00e9 tr\u00e8s confortables anti-bact\u00e9rien\u00a0et anti-fongique taille\u00a0unique, 36\/40, marque\u00a0Thought best-seller\u00a0de la marque : une jolie id\u00e9e cadeau\u00a0<\/p>\n","protected":false},"featured_media":712661,"comment_status":"open","ping_status":"closed","template":"","meta":[],"product_brand":[],"product_cat":[1756,1764],"product_tag":[1810],"acf":[],"_links":{"self":[{"href":"https:\/\/streetmarkets.fr\/app\/wp-json\/wp\/v2\/product\/712660"}],"collection":[{"href":"https:\/\/streetmarkets.fr\/app\/wp-json\/wp\/v2\/product"}],"about":[{"href":"https:\/\/streetmarkets.fr\/app\/wp-json\/wp\/v2\/types\/product"}],"replies":[{"embeddable":true,"href":"https:\/\/streetmarkets.fr\/app\/wp-json\/wp\/v2\/comments?post=712660"}],"wp:featuredmedia":[{"embeddable":true,"href":"https:\/\/streetmarkets.fr\/app\/wp-json\/wp\/v2\/media\/712661"}],"wp:attachment":[{"href":"https:\/\/streetmarkets.fr\/app\/wp-json\/wp\/v2\/media?parent=712660"}],"wp:term":[{"taxonomy":"product_brand","embeddable":true,"href":"https:\/\/streetmarkets.fr\/app\/wp-json\/wp\/v2\/product_brand?post=712660"},{"taxonomy":"product_cat","embeddable":true,"href":"https:\/\/streetmarkets.fr\/app\/wp-json\/wp\/v2\/product_cat?post=712660"},{"taxonomy":"product_tag","embeddable":true,"href":"https:\/\/streetmarkets.fr\/app\/wp-json\/wp\/v2\/product_tag?post=712660"}],"curies":[{"name":"wp","href":"https:\/\/api.w.org\/{rel}","templated":true}]}}