{"id":712631,"date":"2024-10-15T17:48:44","date_gmt":"2024-10-15T15:48:44","guid":{"rendered":"https:\/\/streetmarkets.fr\/app\/produit\/short-imprime-cubes-en-ecovero\/"},"modified":"2026-05-09T01:43:29","modified_gmt":"2026-05-08T23:43:29","slug":"short-imprime-cubes-en-ecovero","status":"publish","type":"product","link":"https:\/\/streetmarkets.fr\/app\/produit\/short-imprime-cubes-en-ecovero\/","title":{"rendered":"Short imprim\u00e9 cubes en Ecovero"},"content":{"rendered":"<ul>\n<li>short ou<strong> jupe culotte\u00a0<\/strong>\n<\/li>\n<li>l\u00e9ger et fluide<\/li>\n<li>imprim\u00e9<strong> cubes<\/strong>\n<\/li>\n<li>lien \u00e0 la ceinture<\/li>\n<li>poches sur les c\u00f4t\u00e9s<\/li>\n<li>en &#8220;<strong>Ecovero<\/strong>&#8220;, la viscose <strong>\u00e9cologique<\/strong> de<strong> Lenzing\u00a0<img decoding=\"async\" alt=\"\" src=\"https:\/\/cdn.shopify.com\/s\/files\/1\/0365\/8730\/7148\/files\/badge-ecovero_50x50.jpg?v=1589974738\"><\/strong>\n<\/li>\n<li>marque <strong>Tranquillo<\/strong>\n<\/li>\n<\/ul>\n<p>Hyper\u00a0<strong>confortable<\/strong>, vous adorez porter ce short reconduit chaque \u00e9t\u00e9 dans des imprim\u00e9s diff\u00e9rents.<\/p>\n<p>\u00a0<span style=\"color: #3c8f3d\"><strong>Attention : choisir une taille au-dessous de votre taille habituelle !<\/strong><\/span><\/p>\n","protected":false},"excerpt":{"rendered":"<p>short ou jupe culotte\u00a0 l\u00e9ger et fluide imprim\u00e9 cubes lien \u00e0 la ceinture poches sur les c\u00f4t\u00e9s en &#8220;Ecovero&#8220;, la viscose \u00e9cologique de Lenzing\u00a0 marque Tranquillo Hyper\u00a0confortable, vous adorez porter ce short reconduit chaque \u00e9t\u00e9 dans des imprim\u00e9s diff\u00e9rents. \u00a0Attention : choisir une taille au-dessous de votre taille habituelle !<\/p>\n","protected":false},"featured_media":712632,"comment_status":"open","ping_status":"closed","template":"","meta":[],"product_brand":[],"product_cat":[1756,1758],"product_tag":[1810],"acf":[],"_links":{"self":[{"href":"https:\/\/streetmarkets.fr\/app\/wp-json\/wp\/v2\/product\/712631"}],"collection":[{"href":"https:\/\/streetmarkets.fr\/app\/wp-json\/wp\/v2\/product"}],"about":[{"href":"https:\/\/streetmarkets.fr\/app\/wp-json\/wp\/v2\/types\/product"}],"replies":[{"embeddable":true,"href":"https:\/\/streetmarkets.fr\/app\/wp-json\/wp\/v2\/comments?post=712631"}],"wp:featuredmedia":[{"embeddable":true,"href":"https:\/\/streetmarkets.fr\/app\/wp-json\/wp\/v2\/media\/712632"}],"wp:attachment":[{"href":"https:\/\/streetmarkets.fr\/app\/wp-json\/wp\/v2\/media?parent=712631"}],"wp:term":[{"taxonomy":"product_brand","embeddable":true,"href":"https:\/\/streetmarkets.fr\/app\/wp-json\/wp\/v2\/product_brand?post=712631"},{"taxonomy":"product_cat","embeddable":true,"href":"https:\/\/streetmarkets.fr\/app\/wp-json\/wp\/v2\/product_cat?post=712631"},{"taxonomy":"product_tag","embeddable":true,"href":"https:\/\/streetmarkets.fr\/app\/wp-json\/wp\/v2\/product_tag?post=712631"}],"curies":[{"name":"wp","href":"https:\/\/api.w.org\/{rel}","templated":true}]}}