{"id":712625,"date":"2024-10-15T17:48:43","date_gmt":"2024-10-15T15:48:43","guid":{"rendered":"https:\/\/streetmarkets.fr\/app\/produit\/top-gaia-ecru-en-maille-de-soie-recyclee\/"},"modified":"2026-05-02T01:43:32","modified_gmt":"2026-05-01T23:43:32","slug":"top-gaia-ecru-en-maille-de-soie-recyclee","status":"publish","type":"product","link":"https:\/\/streetmarkets.fr\/app\/produit\/top-gaia-ecru-en-maille-de-soie-recyclee\/","title":{"rendered":"Top Gaia \u00e9cru en maille de soie recycl\u00e9e"},"content":{"rendered":"<ul>\n<li>top en <strong>maille<\/strong> fine \u00e9cru<\/li>\n<li>sans manches<\/li>\n<li>col V<\/li>\n<li>100<strong>% soie recycl\u00e9e<\/strong>\n<\/li>\n<li>r\u00e9alis\u00e9 en Toscane (Italie)\u00a0<\/li>\n<li>marque<strong> \u00e9thique<\/strong>\u00a0italienne de l&#8217;\u00e9conomie circulaire <strong>Rifo<\/strong>\n<\/li>\n<\/ul>\n","protected":false},"excerpt":{"rendered":"<p>top en maille fine \u00e9cru sans manches col V 100% soie recycl\u00e9e r\u00e9alis\u00e9 en Toscane (Italie)\u00a0 marque \u00e9thique\u00a0italienne de l&#8217;\u00e9conomie circulaire Rifo<\/p>\n","protected":false},"featured_media":712626,"comment_status":"open","ping_status":"closed","template":"","meta":[],"product_brand":[],"product_cat":[1756,1758],"product_tag":[1810],"acf":[],"_links":{"self":[{"href":"https:\/\/streetmarkets.fr\/app\/wp-json\/wp\/v2\/product\/712625"}],"collection":[{"href":"https:\/\/streetmarkets.fr\/app\/wp-json\/wp\/v2\/product"}],"about":[{"href":"https:\/\/streetmarkets.fr\/app\/wp-json\/wp\/v2\/types\/product"}],"replies":[{"embeddable":true,"href":"https:\/\/streetmarkets.fr\/app\/wp-json\/wp\/v2\/comments?post=712625"}],"wp:featuredmedia":[{"embeddable":true,"href":"https:\/\/streetmarkets.fr\/app\/wp-json\/wp\/v2\/media\/712626"}],"wp:attachment":[{"href":"https:\/\/streetmarkets.fr\/app\/wp-json\/wp\/v2\/media?parent=712625"}],"wp:term":[{"taxonomy":"product_brand","embeddable":true,"href":"https:\/\/streetmarkets.fr\/app\/wp-json\/wp\/v2\/product_brand?post=712625"},{"taxonomy":"product_cat","embeddable":true,"href":"https:\/\/streetmarkets.fr\/app\/wp-json\/wp\/v2\/product_cat?post=712625"},{"taxonomy":"product_tag","embeddable":true,"href":"https:\/\/streetmarkets.fr\/app\/wp-json\/wp\/v2\/product_tag?post=712625"}],"curies":[{"name":"wp","href":"https:\/\/api.w.org\/{rel}","templated":true}]}}