{"id":712553,"date":"2024-10-15T17:48:36","date_gmt":"2024-10-15T15:48:36","guid":{"rendered":"https:\/\/streetmarkets.fr\/app\/produit\/boucles-doreilles-petales-en-ivoire-vegetal\/"},"modified":"2026-05-09T01:43:29","modified_gmt":"2026-05-08T23:43:29","slug":"boucles-doreilles-petales-en-ivoire-vegetal","status":"publish","type":"product","link":"https:\/\/streetmarkets.fr\/app\/produit\/boucles-doreilles-petales-en-ivoire-vegetal\/","title":{"rendered":"Boucles d&#8217;oreilles p\u00e9tales en ivoire v\u00e9g\u00e9tal"},"content":{"rendered":"<ul>\n<li>\n<p>D\u00e9couvrez ces \u00e9l\u00e9gantes boucles d&#8217;oreilles <strong>p\u00e9tales<\/strong> confectionn\u00e9es en <strong>ivoire v\u00e9g\u00e9tal,<\/strong> une mati\u00e8re noble et <strong>durable<\/strong> extraite de la noix de tagua. Chaque paire r\u00e9v\u00e8le la finesse naturelle de ce mat\u00e9riau <strong>\u00e9cologique,<\/strong> offrant une alternative <strong>\u00e9thique<\/strong> aux mati\u00e8res synth\u00e9tiques.<\/p>\n<\/li>\n<li>\n<p>Le design \u00e9pur\u00e9 en forme de p\u00e9tales apporte une touche de sophistication intemporelle \u00e0 votre silhouette.<\/p>\n<\/li>\n<li>\n<p>L\u00e9g\u00e8res et confortables au quotidien, ces boucles incarnent l&#8217;alliance parfaite entre beaut\u00e9 naturelle et responsabilit\u00e9 <strong>environnementale.<\/strong><\/p>\n<\/li>\n<li>en\u00a0<strong style=\"font-size: 0.875rem\">ivoire v\u00e9g\u00e9tal<\/strong>\n<\/li>\n<li>noix de<strong><span>\u00a0<\/span>tagua<span>\u00a0<\/span><\/strong>:<strong><span>\u00a0<\/span><\/strong>albumen durci du fruit d&#8217;un palmier d&#8217;Am\u00e9rique du sud<\/li>\n<li>attaches hypoallerg\u00e9niques en acier chirurgical<\/li>\n<li>r\u00e9alis\u00e9es par des artisan.e.s en<strong>\u00a0Equateur<\/strong>\n<\/li>\n<li><strong>commerce \u00e9quitable<\/strong><\/li>\n<li>marque<span>\u00a0fran\u00e7aise\u00a0<\/span><strong>Tagua and co\u00a0<\/strong>\n<\/li>\n<\/ul>\n","protected":false},"excerpt":{"rendered":"<p>D\u00e9couvrez ces \u00e9l\u00e9gantes boucles d&#8217;oreilles p\u00e9tales confectionn\u00e9es en ivoire v\u00e9g\u00e9tal, une mati\u00e8re noble et durable extraite de la noix de tagua. Chaque paire r\u00e9v\u00e8le la finesse naturelle de ce mat\u00e9riau \u00e9cologique, offrant une alternative \u00e9thique aux mati\u00e8res synth\u00e9tiques. Le design \u00e9pur\u00e9 en forme de p\u00e9tales apporte une touche de sophistication intemporelle \u00e0 votre silhouette. L\u00e9g\u00e8res [&hellip;]<\/p>\n","protected":false},"featured_media":712554,"comment_status":"open","ping_status":"closed","template":"","meta":[],"product_brand":[],"product_cat":[1807,1756],"product_tag":[1810],"acf":[],"_links":{"self":[{"href":"https:\/\/streetmarkets.fr\/app\/wp-json\/wp\/v2\/product\/712553"}],"collection":[{"href":"https:\/\/streetmarkets.fr\/app\/wp-json\/wp\/v2\/product"}],"about":[{"href":"https:\/\/streetmarkets.fr\/app\/wp-json\/wp\/v2\/types\/product"}],"replies":[{"embeddable":true,"href":"https:\/\/streetmarkets.fr\/app\/wp-json\/wp\/v2\/comments?post=712553"}],"wp:featuredmedia":[{"embeddable":true,"href":"https:\/\/streetmarkets.fr\/app\/wp-json\/wp\/v2\/media\/712554"}],"wp:attachment":[{"href":"https:\/\/streetmarkets.fr\/app\/wp-json\/wp\/v2\/media?parent=712553"}],"wp:term":[{"taxonomy":"product_brand","embeddable":true,"href":"https:\/\/streetmarkets.fr\/app\/wp-json\/wp\/v2\/product_brand?post=712553"},{"taxonomy":"product_cat","embeddable":true,"href":"https:\/\/streetmarkets.fr\/app\/wp-json\/wp\/v2\/product_cat?post=712553"},{"taxonomy":"product_tag","embeddable":true,"href":"https:\/\/streetmarkets.fr\/app\/wp-json\/wp\/v2\/product_tag?post=712553"}],"curies":[{"name":"wp","href":"https:\/\/api.w.org\/{rel}","templated":true}]}}