{"id":712508,"date":"2024-10-15T17:48:09","date_gmt":"2024-10-15T15:48:09","guid":{"rendered":"https:\/\/streetmarkets.fr\/app\/produit\/etole-eris-tons-roses-oranges-en-coton-recycle\/"},"modified":"2026-05-06T01:43:36","modified_gmt":"2026-05-05T23:43:36","slug":"etole-eris-tons-roses-oranges-en-coton-recycle","status":"publish","type":"product","link":"https:\/\/streetmarkets.fr\/app\/produit\/etole-eris-tons-roses-oranges-en-coton-recycle\/","title":{"rendered":"Etole Eris tons roses oranges en coton recycl\u00e9"},"content":{"rendered":"<ul>\n<li>grande \u00e9tole\u00a0<\/li>\n<li>200 cm x 70 cm<\/li>\n<li>motifs g\u00e9om\u00e9triques<\/li>\n<li>100% coton dont 60% <strong>coton recycl\u00e9<\/strong>\u00a0<\/li>\n<li>tiss\u00e9 dans un atelier en Toscane (Italie) \u00e0 partir de fils recycl\u00e9s<\/li>\n<li><strong>\u00e9conomie circulaire<\/strong><\/li>\n<li>marque \u00e9thique italienne <strong>Rifo<\/strong>\n<\/li>\n<\/ul>\n","protected":false},"excerpt":{"rendered":"<p>grande \u00e9tole\u00a0 200 cm x 70 cm motifs g\u00e9om\u00e9triques 100% coton dont 60% coton recycl\u00e9\u00a0 tiss\u00e9 dans un atelier en Toscane (Italie) \u00e0 partir de fils recycl\u00e9s \u00e9conomie circulaire marque \u00e9thique italienne Rifo<\/p>\n","protected":false},"featured_media":712509,"comment_status":"open","ping_status":"closed","template":"","meta":[],"product_brand":[],"product_cat":[1756,1764],"product_tag":[1810],"acf":[],"_links":{"self":[{"href":"https:\/\/streetmarkets.fr\/app\/wp-json\/wp\/v2\/product\/712508"}],"collection":[{"href":"https:\/\/streetmarkets.fr\/app\/wp-json\/wp\/v2\/product"}],"about":[{"href":"https:\/\/streetmarkets.fr\/app\/wp-json\/wp\/v2\/types\/product"}],"replies":[{"embeddable":true,"href":"https:\/\/streetmarkets.fr\/app\/wp-json\/wp\/v2\/comments?post=712508"}],"wp:featuredmedia":[{"embeddable":true,"href":"https:\/\/streetmarkets.fr\/app\/wp-json\/wp\/v2\/media\/712509"}],"wp:attachment":[{"href":"https:\/\/streetmarkets.fr\/app\/wp-json\/wp\/v2\/media?parent=712508"}],"wp:term":[{"taxonomy":"product_brand","embeddable":true,"href":"https:\/\/streetmarkets.fr\/app\/wp-json\/wp\/v2\/product_brand?post=712508"},{"taxonomy":"product_cat","embeddable":true,"href":"https:\/\/streetmarkets.fr\/app\/wp-json\/wp\/v2\/product_cat?post=712508"},{"taxonomy":"product_tag","embeddable":true,"href":"https:\/\/streetmarkets.fr\/app\/wp-json\/wp\/v2\/product_tag?post=712508"}],"curies":[{"name":"wp","href":"https:\/\/api.w.org\/{rel}","templated":true}]}}