{"id":712486,"date":"2024-10-15T17:48:07","date_gmt":"2024-10-15T15:48:07","guid":{"rendered":"https:\/\/streetmarkets.fr\/app\/produit\/robe-longue-imprime-paradise-en-ecovero\/"},"modified":"2026-04-29T01:43:24","modified_gmt":"2026-04-28T23:43:24","slug":"robe-longue-imprime-paradise-en-ecovero","status":"publish","type":"product","link":"https:\/\/streetmarkets.fr\/app\/produit\/robe-longue-imprime-paradise-en-ecovero\/","title":{"rendered":"Robe longue imprim\u00e9 paradise en Ecovero"},"content":{"rendered":"<ul>\n<li>robe<strong> longue<\/strong>\n<\/li>\n<li>col V<\/li>\n<li>lien \u00e0 la ceinture<\/li>\n<li>petites manches<\/li>\n<li>poches sur les c\u00f4t\u00e9s\u00a0<\/li>\n<li>\n<strong>l\u00e9g\u00e8re<\/strong> et fluide<\/li>\n<li>imprim\u00e9 <strong>paradise<\/strong> orange et bleu<\/li>\n<li>en &#8220;<strong>Ecovero<\/strong>&#8220;, la viscose \u00e9cologique de<strong> Lenzing\u00a0<img decoding=\"async\" src=\"https:\/\/cdn.shopify.com\/s\/files\/1\/0365\/8730\/7148\/files\/badge-ecovero_50x50.jpg?v=1589974738\" alt=\"\"><\/strong>\n<\/li>\n<li>marque \u00e9thique <strong>Tranquillo<\/strong>\n<\/li>\n<\/ul>\n<p><\/p>\n<p><strong><br \/><\/strong><\/p>\n","protected":false},"excerpt":{"rendered":"<p>robe longue col V lien \u00e0 la ceinture petites manches poches sur les c\u00f4t\u00e9s\u00a0 l\u00e9g\u00e8re et fluide imprim\u00e9 paradise orange et bleu en &#8220;Ecovero&#8220;, la viscose \u00e9cologique de Lenzing\u00a0 marque \u00e9thique Tranquillo<\/p>\n","protected":false},"featured_media":712487,"comment_status":"open","ping_status":"closed","template":"","meta":[],"product_brand":[],"product_cat":[1756,1758],"product_tag":[1810],"acf":[],"_links":{"self":[{"href":"https:\/\/streetmarkets.fr\/app\/wp-json\/wp\/v2\/product\/712486"}],"collection":[{"href":"https:\/\/streetmarkets.fr\/app\/wp-json\/wp\/v2\/product"}],"about":[{"href":"https:\/\/streetmarkets.fr\/app\/wp-json\/wp\/v2\/types\/product"}],"replies":[{"embeddable":true,"href":"https:\/\/streetmarkets.fr\/app\/wp-json\/wp\/v2\/comments?post=712486"}],"wp:featuredmedia":[{"embeddable":true,"href":"https:\/\/streetmarkets.fr\/app\/wp-json\/wp\/v2\/media\/712487"}],"wp:attachment":[{"href":"https:\/\/streetmarkets.fr\/app\/wp-json\/wp\/v2\/media?parent=712486"}],"wp:term":[{"taxonomy":"product_brand","embeddable":true,"href":"https:\/\/streetmarkets.fr\/app\/wp-json\/wp\/v2\/product_brand?post=712486"},{"taxonomy":"product_cat","embeddable":true,"href":"https:\/\/streetmarkets.fr\/app\/wp-json\/wp\/v2\/product_cat?post=712486"},{"taxonomy":"product_tag","embeddable":true,"href":"https:\/\/streetmarkets.fr\/app\/wp-json\/wp\/v2\/product_tag?post=712486"}],"curies":[{"name":"wp","href":"https:\/\/api.w.org\/{rel}","templated":true}]}}