{"id":712464,"date":"2024-10-15T17:48:05","date_gmt":"2024-10-15T15:48:05","guid":{"rendered":"https:\/\/streetmarkets.fr\/app\/produit\/sac-a-dos-ellie-bleu\/"},"modified":"2026-04-11T01:43:28","modified_gmt":"2026-04-10T23:43:28","slug":"sac-a-dos-ellie-bleu","status":"publish","type":"product","link":"https:\/\/streetmarkets.fr\/app\/produit\/sac-a-dos-ellie-bleu\/","title":{"rendered":"Sac \u00e0 dos Ellie bleu"},"content":{"rendered":"<ul>\n<li>sac \u00e0 dos en <strong>nylon recycl\u00e9<\/strong>\n<\/li>\n<li><b>bleu<\/b><\/li>\n<li>anses r\u00e9glables<\/li>\n<li>dimensions : 33 cm x 36 cm x 10 cm<\/li>\n<li>parfait pour transporter une tablette ou des dossiers<\/li>\n<li data-mce-fragment=\"1\">1 fermeture \u00e9clair sur le dessus<\/li>\n<li data-mce-fragment=\"1\">une <strong>poche<\/strong> devant\u00a0<\/li>\n<li data-mce-fragment=\"1\">r\u00e9alis\u00e9 au <strong>Vietnam<\/strong> par un atelier de<span data-mce-fragment=\"1\">\u00a0<\/span><strong data-mce-fragment=\"1\">commerce \u00e9quitable<\/strong><span data-mce-fragment=\"1\">\u00a0<\/span>labellis\u00e9<span data-mce-fragment=\"1\">\u00a0<\/span><strong data-mce-fragment=\"1\">WFTO<\/strong><span data-mce-fragment=\"1\">\u00a0<\/span>(<strong data-mce-fragment=\"1\">World Fairtrade Organization<\/strong>)<\/li>\n<li data-mce-fragment=\"1\">marque<span data-mce-fragment=\"1\">\u00a0<\/span><strong data-mce-fragment=\"1\">Earth Squared Ltd<span data-mce-fragment=\"1\">\u00a0<\/span><\/strong>(membre de la<strong data-mce-fragment=\"1\">\u00a0<span data-mce-fragment=\"1\">British Association of Fair Trade Shops and Suppliers : BAFTS)<\/span>\u00a0<\/strong>\n<\/li>\n<\/ul>\n","protected":false},"excerpt":{"rendered":"<p>sac \u00e0 dos en nylon recycl\u00e9 bleu anses r\u00e9glables dimensions : 33 cm x 36 cm x 10 cm parfait pour transporter une tablette ou des dossiers 1 fermeture \u00e9clair sur le dessus une poche devant\u00a0 r\u00e9alis\u00e9 au Vietnam par un atelier de\u00a0commerce \u00e9quitable\u00a0labellis\u00e9\u00a0WFTO\u00a0(World Fairtrade Organization) marque\u00a0Earth Squared Ltd\u00a0(membre de la\u00a0British Association of Fair Trade [&hellip;]<\/p>\n","protected":false},"featured_media":712465,"comment_status":"open","ping_status":"closed","template":"","meta":[],"product_brand":[],"product_cat":[1756,1764],"product_tag":[1810],"acf":[],"_links":{"self":[{"href":"https:\/\/streetmarkets.fr\/app\/wp-json\/wp\/v2\/product\/712464"}],"collection":[{"href":"https:\/\/streetmarkets.fr\/app\/wp-json\/wp\/v2\/product"}],"about":[{"href":"https:\/\/streetmarkets.fr\/app\/wp-json\/wp\/v2\/types\/product"}],"replies":[{"embeddable":true,"href":"https:\/\/streetmarkets.fr\/app\/wp-json\/wp\/v2\/comments?post=712464"}],"wp:featuredmedia":[{"embeddable":true,"href":"https:\/\/streetmarkets.fr\/app\/wp-json\/wp\/v2\/media\/712465"}],"wp:attachment":[{"href":"https:\/\/streetmarkets.fr\/app\/wp-json\/wp\/v2\/media?parent=712464"}],"wp:term":[{"taxonomy":"product_brand","embeddable":true,"href":"https:\/\/streetmarkets.fr\/app\/wp-json\/wp\/v2\/product_brand?post=712464"},{"taxonomy":"product_cat","embeddable":true,"href":"https:\/\/streetmarkets.fr\/app\/wp-json\/wp\/v2\/product_cat?post=712464"},{"taxonomy":"product_tag","embeddable":true,"href":"https:\/\/streetmarkets.fr\/app\/wp-json\/wp\/v2\/product_tag?post=712464"}],"curies":[{"name":"wp","href":"https:\/\/api.w.org\/{rel}","templated":true}]}}