{"id":712434,"date":"2024-10-15T17:48:03","date_gmt":"2024-10-15T15:48:03","guid":{"rendered":"https:\/\/streetmarkets.fr\/app\/produit\/top-tala-en-modal-skfk\/"},"modified":"2026-05-09T01:43:28","modified_gmt":"2026-05-08T23:43:28","slug":"top-tala-en-modal-skfk","status":"publish","type":"product","link":"https:\/\/streetmarkets.fr\/app\/produit\/top-tala-en-modal-skfk\/","title":{"rendered":"Top Tala en modal Skfk"},"content":{"rendered":"<ul>\n<li>tee-shirt gris fonc\u00e9\u00a0<\/li>\n<li>\n<strong>d\u00e9collet\u00e9<\/strong> en V devant et dans le dos (lien dans le cou)<\/li>\n<li>coupe fa\u00e7on <strong>cache c\u0153ur<\/strong>\u00a0<\/li>\n<li>manches courtes\u00a0<\/li>\n<li>95% <strong>modal<\/strong> tencel 5% \u00e9lasthanne<\/li>\n<li>marque <strong>Skfk<\/strong>\n<\/li>\n<\/ul>\n<p><span style=\"font-size: 1.4em\">Un haut \u00e0 la coupe tr\u00e8s f\u00e9minine et une<\/span><span style=\"font-size: 1.4em\"> mati\u00e8re tr\u00e8s <strong>douce<\/strong>\u00a0<\/span><\/p>\n","protected":false},"excerpt":{"rendered":"<p>tee-shirt gris fonc\u00e9\u00a0 d\u00e9collet\u00e9 en V devant et dans le dos (lien dans le cou) coupe fa\u00e7on cache c\u0153ur\u00a0 manches courtes\u00a0 95% modal tencel 5% \u00e9lasthanne marque Skfk Un haut \u00e0 la coupe tr\u00e8s f\u00e9minine et une mati\u00e8re tr\u00e8s douce\u00a0<\/p>\n","protected":false},"featured_media":712435,"comment_status":"open","ping_status":"closed","template":"","meta":[],"product_brand":[],"product_cat":[1756,1762],"product_tag":[1810],"acf":[],"_links":{"self":[{"href":"https:\/\/streetmarkets.fr\/app\/wp-json\/wp\/v2\/product\/712434"}],"collection":[{"href":"https:\/\/streetmarkets.fr\/app\/wp-json\/wp\/v2\/product"}],"about":[{"href":"https:\/\/streetmarkets.fr\/app\/wp-json\/wp\/v2\/types\/product"}],"replies":[{"embeddable":true,"href":"https:\/\/streetmarkets.fr\/app\/wp-json\/wp\/v2\/comments?post=712434"}],"wp:featuredmedia":[{"embeddable":true,"href":"https:\/\/streetmarkets.fr\/app\/wp-json\/wp\/v2\/media\/712435"}],"wp:attachment":[{"href":"https:\/\/streetmarkets.fr\/app\/wp-json\/wp\/v2\/media?parent=712434"}],"wp:term":[{"taxonomy":"product_brand","embeddable":true,"href":"https:\/\/streetmarkets.fr\/app\/wp-json\/wp\/v2\/product_brand?post=712434"},{"taxonomy":"product_cat","embeddable":true,"href":"https:\/\/streetmarkets.fr\/app\/wp-json\/wp\/v2\/product_cat?post=712434"},{"taxonomy":"product_tag","embeddable":true,"href":"https:\/\/streetmarkets.fr\/app\/wp-json\/wp\/v2\/product_tag?post=712434"}],"curies":[{"name":"wp","href":"https:\/\/api.w.org\/{rel}","templated":true}]}}