{"id":712415,"date":"2024-10-15T17:48:01","date_gmt":"2024-10-15T15:48:01","guid":{"rendered":"https:\/\/streetmarkets.fr\/app\/produit\/combinaison-unie-bleue-en-ecovero\/"},"modified":"2026-05-13T01:43:28","modified_gmt":"2026-05-12T23:43:28","slug":"combinaison-unie-bleue-en-ecovero","status":"publish","type":"product","link":"https:\/\/streetmarkets.fr\/app\/produit\/combinaison-unie-bleue-en-ecovero\/","title":{"rendered":"Combinaison unie bleue en Ecovero"},"content":{"rendered":"<ul>\n<li>combinaison<strong> bleu bermudes<\/strong>\n<\/li>\n<li>col V avec 4 boutons<\/li>\n<li>lien \u00e0 la ceinture<\/li>\n<li>poches sur les c\u00f4t\u00e9s<\/li>\n<li>en cr\u00eape d&#8217;<strong>Ecovero<\/strong>, la viscose \u00e9cologique de<strong> Lenzing\u00a0<img decoding=\"async\" alt=\"\" src=\"https:\/\/cdn.shopify.com\/s\/files\/1\/0365\/8730\/7148\/files\/badge-ecovero_50x50.jpg?v=1589974738\"><\/strong>\n<\/li>\n<li>marque \u00e9thique <strong>Tranquillo<\/strong>\n<\/li>\n<\/ul>\n<p>Combi<strong> l\u00e9g\u00e8re<\/strong> et <strong>fluide<\/strong> pour l&#8217;\u00e9t\u00e9<\/p>\n<p><\/p>\n<p><strong><br \/><\/strong><\/p>\n","protected":false},"excerpt":{"rendered":"<p>combinaison bleu bermudes col V avec 4 boutons lien \u00e0 la ceinture poches sur les c\u00f4t\u00e9s en cr\u00eape d&#8217;Ecovero, la viscose \u00e9cologique de Lenzing\u00a0 marque \u00e9thique Tranquillo Combi l\u00e9g\u00e8re et fluide pour l&#8217;\u00e9t\u00e9<\/p>\n","protected":false},"featured_media":712416,"comment_status":"open","ping_status":"closed","template":"","meta":[],"product_brand":[],"product_cat":[1756,1758],"product_tag":[1810],"acf":[],"_links":{"self":[{"href":"https:\/\/streetmarkets.fr\/app\/wp-json\/wp\/v2\/product\/712415"}],"collection":[{"href":"https:\/\/streetmarkets.fr\/app\/wp-json\/wp\/v2\/product"}],"about":[{"href":"https:\/\/streetmarkets.fr\/app\/wp-json\/wp\/v2\/types\/product"}],"replies":[{"embeddable":true,"href":"https:\/\/streetmarkets.fr\/app\/wp-json\/wp\/v2\/comments?post=712415"}],"wp:featuredmedia":[{"embeddable":true,"href":"https:\/\/streetmarkets.fr\/app\/wp-json\/wp\/v2\/media\/712416"}],"wp:attachment":[{"href":"https:\/\/streetmarkets.fr\/app\/wp-json\/wp\/v2\/media?parent=712415"}],"wp:term":[{"taxonomy":"product_brand","embeddable":true,"href":"https:\/\/streetmarkets.fr\/app\/wp-json\/wp\/v2\/product_brand?post=712415"},{"taxonomy":"product_cat","embeddable":true,"href":"https:\/\/streetmarkets.fr\/app\/wp-json\/wp\/v2\/product_cat?post=712415"},{"taxonomy":"product_tag","embeddable":true,"href":"https:\/\/streetmarkets.fr\/app\/wp-json\/wp\/v2\/product_tag?post=712415"}],"curies":[{"name":"wp","href":"https:\/\/api.w.org\/{rel}","templated":true}]}}