{"id":712404,"date":"2024-10-15T17:48:00","date_gmt":"2024-10-15T15:48:00","guid":{"rendered":"https:\/\/streetmarkets.fr\/app\/produit\/robe-laide-en-ecovero\/"},"modified":"2026-05-09T01:43:28","modified_gmt":"2026-05-08T23:43:28","slug":"robe-laide-en-ecovero","status":"publish","type":"product","link":"https:\/\/streetmarkets.fr\/app\/produit\/robe-laide-en-ecovero\/","title":{"rendered":"Robe Laide en EcoVero"},"content":{"rendered":"<ul>\n<li>robe imprim\u00e9 multicolore<\/li>\n<li>coupe ample avec lien \u00e0 la ceinture<\/li>\n<li>manches larges fa\u00e7on kimono\u00a0<\/li>\n<li>100% <strong>EcoVero\u00a0<img decoding=\"async\" src=\"https:\/\/cdn.shopify.com\/s\/files\/1\/0365\/8730\/7148\/files\/badge-ecovero_50x50.jpg?v=1589974738\" alt=\"EcoVero viscose \u00e9cologique de Lenzing\" data-mce-fragment=\"1\" data-mce-src=\"https:\/\/cdn.shopify.com\/s\/files\/1\/0365\/8730\/7148\/files\/badge-ecovero_50x50.jpg?v=1589974738\"><\/strong>\u00a0<\/li>\n<li>marque basque espagnole <strong>Skfk<\/strong>\n<\/li>\n<\/ul>\n<p><span style=\"font-size: 1.4em\">C&#8217;est la robe <\/span><strong style=\"font-size: 1.4em\">color\u00e9e<\/strong><span style=\"font-size: 1.4em\"> et confortable de votre<\/span><strong style=\"font-size: 1.4em\"> \u00e9t\u00e9<\/strong><span style=\"font-size: 1.4em\"> !<\/span><\/p>\n<p><span style=\"font-size: 1.4em\"><br \/><\/span><\/p>\n","protected":false},"excerpt":{"rendered":"<p>robe imprim\u00e9 multicolore coupe ample avec lien \u00e0 la ceinture manches larges fa\u00e7on kimono\u00a0 100% EcoVero\u00a0\u00a0 marque basque espagnole Skfk C&#8217;est la robe color\u00e9e et confortable de votre \u00e9t\u00e9 !<\/p>\n","protected":false},"featured_media":712405,"comment_status":"open","ping_status":"closed","template":"","meta":[],"product_brand":[],"product_cat":[1756,1758],"product_tag":[1810],"acf":[],"_links":{"self":[{"href":"https:\/\/streetmarkets.fr\/app\/wp-json\/wp\/v2\/product\/712404"}],"collection":[{"href":"https:\/\/streetmarkets.fr\/app\/wp-json\/wp\/v2\/product"}],"about":[{"href":"https:\/\/streetmarkets.fr\/app\/wp-json\/wp\/v2\/types\/product"}],"replies":[{"embeddable":true,"href":"https:\/\/streetmarkets.fr\/app\/wp-json\/wp\/v2\/comments?post=712404"}],"wp:featuredmedia":[{"embeddable":true,"href":"https:\/\/streetmarkets.fr\/app\/wp-json\/wp\/v2\/media\/712405"}],"wp:attachment":[{"href":"https:\/\/streetmarkets.fr\/app\/wp-json\/wp\/v2\/media?parent=712404"}],"wp:term":[{"taxonomy":"product_brand","embeddable":true,"href":"https:\/\/streetmarkets.fr\/app\/wp-json\/wp\/v2\/product_brand?post=712404"},{"taxonomy":"product_cat","embeddable":true,"href":"https:\/\/streetmarkets.fr\/app\/wp-json\/wp\/v2\/product_cat?post=712404"},{"taxonomy":"product_tag","embeddable":true,"href":"https:\/\/streetmarkets.fr\/app\/wp-json\/wp\/v2\/product_tag?post=712404"}],"curies":[{"name":"wp","href":"https:\/\/api.w.org\/{rel}","templated":true}]}}