{"id":712312,"date":"2024-10-15T17:47:30","date_gmt":"2024-10-15T15:47:30","guid":{"rendered":"https:\/\/streetmarkets.fr\/app\/produit\/boucles-doreilles-valeria-en-ivoire-vegetal\/"},"modified":"2026-05-13T01:43:12","modified_gmt":"2026-05-12T23:43:12","slug":"boucles-doreilles-valeria-en-ivoire-vegetal","status":"publish","type":"product","link":"https:\/\/streetmarkets.fr\/app\/produit\/boucles-doreilles-valeria-en-ivoire-vegetal\/","title":{"rendered":"Boucles d&#8217;oreilles Valeria en ivoire v\u00e9g\u00e9tal"},"content":{"rendered":"<p><span style=\"font-size: 1.4em\">Boucles d&#8217;oreilles <strong>Valeria<\/strong> bicolores en<\/span><span data-mce-fragment=\"1\" style=\"font-size: 1.4em\">\u00a0<\/span><strong style=\"font-size: 1.4em\">ivoire v\u00e9g\u00e9tal<\/strong><\/p>\n<ul data-mce-fragment=\"1\">\n<li data-mce-fragment=\"1\">noix de<strong data-mce-fragment=\"1\"><span data-mce-fragment=\"1\">\u00a0<\/span>tagua<span data-mce-fragment=\"1\">\u00a0<\/span><\/strong>:<strong data-mce-fragment=\"1\"><span data-mce-fragment=\"1\">\u00a0<\/span><\/strong>albumen durci du fruit d&#8217;un palmier d&#8217;Am\u00e9rique du sud<\/li>\n<li data-mce-fragment=\"1\">attaches <strong>hypoallerg\u00e9niques<\/strong> en acier chirurgical<\/li>\n<li data-mce-fragment=\"1\">r\u00e9alis\u00e9es par des artisans en<strong>\u00a0Equateur<\/strong>\n<\/li>\n<li data-mce-fragment=\"1\"><strong>commerce \u00e9quitable<\/strong><\/li>\n<li data-mce-fragment=\"1\">marque<span data-mce-fragment=\"1\">\u00a0<\/span><strong>Tagua and co<\/strong>\n<\/li>\n<\/ul>\n","protected":false},"excerpt":{"rendered":"<p>Boucles d&#8217;oreilles Valeria bicolores en\u00a0ivoire v\u00e9g\u00e9tal noix de\u00a0tagua\u00a0:\u00a0albumen durci du fruit d&#8217;un palmier d&#8217;Am\u00e9rique du sud attaches hypoallerg\u00e9niques en acier chirurgical r\u00e9alis\u00e9es par des artisans en\u00a0Equateur commerce \u00e9quitable marque\u00a0Tagua and co<\/p>\n","protected":false},"featured_media":712313,"comment_status":"open","ping_status":"closed","template":"","meta":[],"product_brand":[],"product_cat":[1807,1756],"product_tag":[1810,1813],"acf":[],"_links":{"self":[{"href":"https:\/\/streetmarkets.fr\/app\/wp-json\/wp\/v2\/product\/712312"}],"collection":[{"href":"https:\/\/streetmarkets.fr\/app\/wp-json\/wp\/v2\/product"}],"about":[{"href":"https:\/\/streetmarkets.fr\/app\/wp-json\/wp\/v2\/types\/product"}],"replies":[{"embeddable":true,"href":"https:\/\/streetmarkets.fr\/app\/wp-json\/wp\/v2\/comments?post=712312"}],"wp:featuredmedia":[{"embeddable":true,"href":"https:\/\/streetmarkets.fr\/app\/wp-json\/wp\/v2\/media\/712313"}],"wp:attachment":[{"href":"https:\/\/streetmarkets.fr\/app\/wp-json\/wp\/v2\/media?parent=712312"}],"wp:term":[{"taxonomy":"product_brand","embeddable":true,"href":"https:\/\/streetmarkets.fr\/app\/wp-json\/wp\/v2\/product_brand?post=712312"},{"taxonomy":"product_cat","embeddable":true,"href":"https:\/\/streetmarkets.fr\/app\/wp-json\/wp\/v2\/product_cat?post=712312"},{"taxonomy":"product_tag","embeddable":true,"href":"https:\/\/streetmarkets.fr\/app\/wp-json\/wp\/v2\/product_tag?post=712312"}],"curies":[{"name":"wp","href":"https:\/\/api.w.org\/{rel}","templated":true}]}}