{"id":712243,"date":"2024-10-15T17:47:25","date_gmt":"2024-10-15T15:47:25","guid":{"rendered":"https:\/\/streetmarkets.fr\/app\/produit\/foulard-rouge-tie-and-dye-en-coton-bio\/"},"modified":"2026-04-25T01:43:14","modified_gmt":"2026-04-24T23:43:14","slug":"foulard-rouge-tie-and-dye-en-coton-bio","status":"publish","type":"product","link":"https:\/\/streetmarkets.fr\/app\/produit\/foulard-rouge-tie-and-dye-en-coton-bio\/","title":{"rendered":"Foulard rouge tie and dye en coton bio"},"content":{"rendered":"<ul>\n<li>foulard rouge et blanc<\/li>\n<li>rayures tie &amp; dye<\/li>\n<li><span>100% <strong>coton biologique<\/strong><\/span><\/li>\n<li>180 cm x 70 cm<\/li>\n<li>tiss\u00e9 dans un atelier de <strong>commerce \u00e9quitable<\/strong> de l&#8217;association <strong>CRC<\/strong> (Craft Resource Center) en Inde (labellis\u00e9e <strong>WFTO<\/strong> )<\/li>\n<\/ul>\n<p><\/p>\n","protected":false},"excerpt":{"rendered":"<p>foulard rouge et blanc rayures tie &amp; dye 100% coton biologique 180 cm x 70 cm tiss\u00e9 dans un atelier de commerce \u00e9quitable de l&#8217;association CRC (Craft Resource Center) en Inde (labellis\u00e9e WFTO )<\/p>\n","protected":false},"featured_media":712244,"comment_status":"open","ping_status":"closed","template":"","meta":[],"product_brand":[],"product_cat":[1756,1764],"product_tag":[1810,1813],"acf":[],"_links":{"self":[{"href":"https:\/\/streetmarkets.fr\/app\/wp-json\/wp\/v2\/product\/712243"}],"collection":[{"href":"https:\/\/streetmarkets.fr\/app\/wp-json\/wp\/v2\/product"}],"about":[{"href":"https:\/\/streetmarkets.fr\/app\/wp-json\/wp\/v2\/types\/product"}],"replies":[{"embeddable":true,"href":"https:\/\/streetmarkets.fr\/app\/wp-json\/wp\/v2\/comments?post=712243"}],"wp:featuredmedia":[{"embeddable":true,"href":"https:\/\/streetmarkets.fr\/app\/wp-json\/wp\/v2\/media\/712244"}],"wp:attachment":[{"href":"https:\/\/streetmarkets.fr\/app\/wp-json\/wp\/v2\/media?parent=712243"}],"wp:term":[{"taxonomy":"product_brand","embeddable":true,"href":"https:\/\/streetmarkets.fr\/app\/wp-json\/wp\/v2\/product_brand?post=712243"},{"taxonomy":"product_cat","embeddable":true,"href":"https:\/\/streetmarkets.fr\/app\/wp-json\/wp\/v2\/product_cat?post=712243"},{"taxonomy":"product_tag","embeddable":true,"href":"https:\/\/streetmarkets.fr\/app\/wp-json\/wp\/v2\/product_tag?post=712243"}],"curies":[{"name":"wp","href":"https:\/\/api.w.org\/{rel}","templated":true}]}}