{"id":712234,"date":"2024-10-15T17:47:01","date_gmt":"2024-10-15T15:47:01","guid":{"rendered":"https:\/\/streetmarkets.fr\/app\/produit\/sac-emily-en-nylon-recycle\/"},"modified":"2026-05-09T01:43:15","modified_gmt":"2026-05-08T23:43:15","slug":"sac-emily-en-nylon-recycle","status":"publish","type":"product","link":"https:\/\/streetmarkets.fr\/app\/produit\/sac-emily-en-nylon-recycle\/","title":{"rendered":"Sac Emily en nylon recycl\u00e9"},"content":{"rendered":"<ul>\n<li>sac bandouli\u00e8re r\u00e9glable<\/li>\n<li><b>en nylon recycl\u00e9<\/b><\/li>\n<li>dispo en<b> bleu <\/b>ou en<b> gris<\/b>\n<\/li>\n<li>dimensions : 25 cm x 18 cm x 10 cm<\/li>\n<li data-mce-fragment=\"1\">fermeture \u00e9clair sur le dessus<\/li>\n<li data-mce-fragment=\"1\">\n<strong>poche<\/strong>\u00a0\u00e0 l&#8217;int\u00e9rieur<\/li>\n<li data-mce-fragment=\"1\">r\u00e9alis\u00e9 au <strong>Vietnam<\/strong> par un atelier de<span data-mce-fragment=\"1\">\u00a0<\/span><strong data-mce-fragment=\"1\">commerce \u00e9quitable<\/strong><span data-mce-fragment=\"1\">\u00a0<\/span>labellis\u00e9<span data-mce-fragment=\"1\">\u00a0<\/span><strong data-mce-fragment=\"1\">WFTO<\/strong><span data-mce-fragment=\"1\">\u00a0<\/span>(<strong data-mce-fragment=\"1\">World Fairtrade Organization<\/strong>)<\/li>\n<li data-mce-fragment=\"1\">marque<span data-mce-fragment=\"1\">\u00a0<\/span><strong data-mce-fragment=\"1\">Earth Squared Ltd<span data-mce-fragment=\"1\">\u00a0<\/span><\/strong>(membre de la<strong data-mce-fragment=\"1\">\u00a0<span data-mce-fragment=\"1\">British Association of Fair Trade Shops and Suppliers : BAFTS)<\/span>\u00a0<\/strong>\n<\/li>\n<\/ul>\n<p>Un sac basique de taille moyenne, tr\u00e8s l\u00e9ger et pratique<\/p>\n","protected":false},"excerpt":{"rendered":"<p>sac bandouli\u00e8re r\u00e9glable en nylon recycl\u00e9 dispo en bleu ou en gris dimensions : 25 cm x 18 cm x 10 cm fermeture \u00e9clair sur le dessus poche\u00a0\u00e0 l&#8217;int\u00e9rieur r\u00e9alis\u00e9 au Vietnam par un atelier de\u00a0commerce \u00e9quitable\u00a0labellis\u00e9\u00a0WFTO\u00a0(World Fairtrade Organization) marque\u00a0Earth Squared Ltd\u00a0(membre de la\u00a0British Association of Fair Trade Shops and Suppliers : BAFTS)\u00a0 Un sac [&hellip;]<\/p>\n","protected":false},"featured_media":712235,"comment_status":"open","ping_status":"closed","template":"","meta":[],"product_brand":[],"product_cat":[1756,1764],"product_tag":[1810],"acf":[],"_links":{"self":[{"href":"https:\/\/streetmarkets.fr\/app\/wp-json\/wp\/v2\/product\/712234"}],"collection":[{"href":"https:\/\/streetmarkets.fr\/app\/wp-json\/wp\/v2\/product"}],"about":[{"href":"https:\/\/streetmarkets.fr\/app\/wp-json\/wp\/v2\/types\/product"}],"replies":[{"embeddable":true,"href":"https:\/\/streetmarkets.fr\/app\/wp-json\/wp\/v2\/comments?post=712234"}],"wp:featuredmedia":[{"embeddable":true,"href":"https:\/\/streetmarkets.fr\/app\/wp-json\/wp\/v2\/media\/712235"}],"wp:attachment":[{"href":"https:\/\/streetmarkets.fr\/app\/wp-json\/wp\/v2\/media?parent=712234"}],"wp:term":[{"taxonomy":"product_brand","embeddable":true,"href":"https:\/\/streetmarkets.fr\/app\/wp-json\/wp\/v2\/product_brand?post=712234"},{"taxonomy":"product_cat","embeddable":true,"href":"https:\/\/streetmarkets.fr\/app\/wp-json\/wp\/v2\/product_cat?post=712234"},{"taxonomy":"product_tag","embeddable":true,"href":"https:\/\/streetmarkets.fr\/app\/wp-json\/wp\/v2\/product_tag?post=712234"}],"curies":[{"name":"wp","href":"https:\/\/api.w.org\/{rel}","templated":true}]}}