{"id":712200,"date":"2024-10-15T17:46:59","date_gmt":"2024-10-15T15:46:59","guid":{"rendered":"https:\/\/streetmarkets.fr\/app\/produit\/bonnet-en-coton-bio-et-bambou\/"},"modified":"2026-05-11T01:43:24","modified_gmt":"2026-05-10T23:43:24","slug":"bonnet-en-coton-bio-et-bambou","status":"publish","type":"product","link":"https:\/\/streetmarkets.fr\/app\/produit\/bonnet-en-coton-bio-et-bambou\/","title":{"rendered":"Bonnet en coton bio et bambou"},"content":{"rendered":"<ul>\n<li>bonnet \u00e0 c\u00f4tes<\/li>\n<li>tr\u00e8s doux et confortable<\/li>\n<li>50%<strong> coton bio <\/strong>50%<strong> bambou<\/strong>\n<\/li>\n<li>coloris vert &#8220;algue&#8221;<\/li>\n<li>\n<strong>vegan<\/strong> friendly<\/li>\n<li>marque <strong>\u00e9thique<\/strong> anglaise <strong>Nomads<\/strong>\n<\/li>\n<\/ul>\n","protected":false},"excerpt":{"rendered":"<p>bonnet \u00e0 c\u00f4tes tr\u00e8s doux et confortable 50% coton bio 50% bambou coloris vert &#8220;algue&#8221; vegan friendly marque \u00e9thique anglaise Nomads<\/p>\n","protected":false},"featured_media":712201,"comment_status":"open","ping_status":"closed","template":"","meta":[],"product_brand":[],"product_cat":[1756,1764],"product_tag":[1810],"acf":[],"_links":{"self":[{"href":"https:\/\/streetmarkets.fr\/app\/wp-json\/wp\/v2\/product\/712200"}],"collection":[{"href":"https:\/\/streetmarkets.fr\/app\/wp-json\/wp\/v2\/product"}],"about":[{"href":"https:\/\/streetmarkets.fr\/app\/wp-json\/wp\/v2\/types\/product"}],"replies":[{"embeddable":true,"href":"https:\/\/streetmarkets.fr\/app\/wp-json\/wp\/v2\/comments?post=712200"}],"wp:featuredmedia":[{"embeddable":true,"href":"https:\/\/streetmarkets.fr\/app\/wp-json\/wp\/v2\/media\/712201"}],"wp:attachment":[{"href":"https:\/\/streetmarkets.fr\/app\/wp-json\/wp\/v2\/media?parent=712200"}],"wp:term":[{"taxonomy":"product_brand","embeddable":true,"href":"https:\/\/streetmarkets.fr\/app\/wp-json\/wp\/v2\/product_brand?post=712200"},{"taxonomy":"product_cat","embeddable":true,"href":"https:\/\/streetmarkets.fr\/app\/wp-json\/wp\/v2\/product_cat?post=712200"},{"taxonomy":"product_tag","embeddable":true,"href":"https:\/\/streetmarkets.fr\/app\/wp-json\/wp\/v2\/product_tag?post=712200"}],"curies":[{"name":"wp","href":"https:\/\/api.w.org\/{rel}","templated":true}]}}