{"id":712195,"date":"2024-10-15T17:46:59","date_gmt":"2024-10-15T15:46:59","guid":{"rendered":"https:\/\/streetmarkets.fr\/app\/produit\/bonnet-pal-en-coton-bio-skfk\/"},"modified":"2026-04-13T01:43:22","modified_gmt":"2026-04-12T23:43:22","slug":"bonnet-pal-en-coton-bio-skfk","status":"publish","type":"product","link":"https:\/\/streetmarkets.fr\/app\/produit\/bonnet-pal-en-coton-bio-skfk\/","title":{"rendered":"Bonnet Pal en coton bio SKFK"},"content":{"rendered":"<ul>\n<li>bonnet c\u00f4tel\u00e9 grosse maille<\/li>\n<li>tr\u00e8s confortable<\/li>\n<li>100%<strong> coton bio <\/strong>certifi\u00e9<strong> Gots <\/strong>et<strong> Fairtrade<\/strong>\n<\/li>\n<li>disponible dans 2 coloris : rose ou noir<\/li>\n<li>\n<strong>vegan<\/strong> friendly<\/li>\n<li>marque basque espagnole\u00a0<strong>Skfk<\/strong>\n<\/li>\n<\/ul>\n","protected":false},"excerpt":{"rendered":"<p>bonnet c\u00f4tel\u00e9 grosse maille tr\u00e8s confortable 100% coton bio certifi\u00e9 Gots et Fairtrade disponible dans 2 coloris : rose ou noir vegan friendly marque basque espagnole\u00a0Skfk<\/p>\n","protected":false},"featured_media":712196,"comment_status":"open","ping_status":"closed","template":"","meta":[],"product_brand":[],"product_cat":[1756,1764],"product_tag":[1810],"acf":[],"_links":{"self":[{"href":"https:\/\/streetmarkets.fr\/app\/wp-json\/wp\/v2\/product\/712195"}],"collection":[{"href":"https:\/\/streetmarkets.fr\/app\/wp-json\/wp\/v2\/product"}],"about":[{"href":"https:\/\/streetmarkets.fr\/app\/wp-json\/wp\/v2\/types\/product"}],"replies":[{"embeddable":true,"href":"https:\/\/streetmarkets.fr\/app\/wp-json\/wp\/v2\/comments?post=712195"}],"wp:featuredmedia":[{"embeddable":true,"href":"https:\/\/streetmarkets.fr\/app\/wp-json\/wp\/v2\/media\/712196"}],"wp:attachment":[{"href":"https:\/\/streetmarkets.fr\/app\/wp-json\/wp\/v2\/media?parent=712195"}],"wp:term":[{"taxonomy":"product_brand","embeddable":true,"href":"https:\/\/streetmarkets.fr\/app\/wp-json\/wp\/v2\/product_brand?post=712195"},{"taxonomy":"product_cat","embeddable":true,"href":"https:\/\/streetmarkets.fr\/app\/wp-json\/wp\/v2\/product_cat?post=712195"},{"taxonomy":"product_tag","embeddable":true,"href":"https:\/\/streetmarkets.fr\/app\/wp-json\/wp\/v2\/product_tag?post=712195"}],"curies":[{"name":"wp","href":"https:\/\/api.w.org\/{rel}","templated":true}]}}