{"id":712175,"date":"2024-10-15T17:46:57","date_gmt":"2024-10-15T15:46:57","guid":{"rendered":"https:\/\/streetmarkets.fr\/app\/produit\/gants-pier-paolo-pour-homme-en-cachemire-recycle-rifo\/"},"modified":"2026-05-06T01:43:22","modified_gmt":"2026-05-05T23:43:22","slug":"gants-pier-paolo-pour-homme-en-cachemire-recycle-rifo","status":"publish","type":"product","link":"https:\/\/streetmarkets.fr\/app\/produit\/gants-pier-paolo-pour-homme-en-cachemire-recycle-rifo\/","title":{"rendered":"Gants Pier Paolo pour homme en cachemire recycl\u00e9 Rifo"},"content":{"rendered":"<ul>\n<li>gants pour homme *<\/li>\n<li>95% <strong>cachemire\u00a0recycl\u00e9<\/strong>\u00a05% laine recycl\u00e9e<\/li>\n<li>disponibles dans plusieurs coloris<\/li>\n<li>tricot\u00e9s dans un atelier en <strong>Toscane<\/strong> (Italie) \u00e0 partir de fils recycl\u00e9s certifi\u00e9s<\/li>\n<li>lavage \u00e0 la main recommand\u00e9<\/li>\n<li><strong>\u00e9conomie circulaire<\/strong><\/li>\n<li>marque italienne <strong>Rifo<\/strong>\n<\/li>\n<\/ul>\n<p><a title=\"Bonnets Marcello en cachemire recycl\u00e9 Rifo\" href=\"https:\/\/lesouriremulticolore.com\/collections\/bonnets\/products\/bonnet-marcello-en-cachemire-recycle-rifo\">Les gants sont assortis aux bonnets <strong>Marcello<\/strong>\u00a0de la collection<\/a><\/p>\n<p>* D\u00e9couvrez les <a title=\"Gants Anita en cachemire recycl\u00e9 Rifo\" href=\"https:\/\/lesouriremulticolore.com\/collections\/gants-et-mitaines-tricot-main-commerce-equitable\/products\/gants-anita-en-cachemire-recycle-rifo\">gants <b>ANITA<\/b>\u00a0pour femme<\/a> : m\u00eame forme mais un peu plus petits<\/p>\n","protected":false},"excerpt":{"rendered":"<p>gants pour homme * 95% cachemire\u00a0recycl\u00e9\u00a05% laine recycl\u00e9e disponibles dans plusieurs coloris tricot\u00e9s dans un atelier en Toscane (Italie) \u00e0 partir de fils recycl\u00e9s certifi\u00e9s lavage \u00e0 la main recommand\u00e9 \u00e9conomie circulaire marque italienne Rifo Les gants sont assortis aux bonnets Marcello\u00a0de la collection * D\u00e9couvrez les gants ANITA\u00a0pour femme : m\u00eame forme mais un [&hellip;]<\/p>\n","protected":false},"featured_media":712176,"comment_status":"open","ping_status":"closed","template":"","meta":[],"product_brand":[],"product_cat":[1756,1760],"product_tag":[1810],"acf":[],"_links":{"self":[{"href":"https:\/\/streetmarkets.fr\/app\/wp-json\/wp\/v2\/product\/712175"}],"collection":[{"href":"https:\/\/streetmarkets.fr\/app\/wp-json\/wp\/v2\/product"}],"about":[{"href":"https:\/\/streetmarkets.fr\/app\/wp-json\/wp\/v2\/types\/product"}],"replies":[{"embeddable":true,"href":"https:\/\/streetmarkets.fr\/app\/wp-json\/wp\/v2\/comments?post=712175"}],"wp:featuredmedia":[{"embeddable":true,"href":"https:\/\/streetmarkets.fr\/app\/wp-json\/wp\/v2\/media\/712176"}],"wp:attachment":[{"href":"https:\/\/streetmarkets.fr\/app\/wp-json\/wp\/v2\/media?parent=712175"}],"wp:term":[{"taxonomy":"product_brand","embeddable":true,"href":"https:\/\/streetmarkets.fr\/app\/wp-json\/wp\/v2\/product_brand?post=712175"},{"taxonomy":"product_cat","embeddable":true,"href":"https:\/\/streetmarkets.fr\/app\/wp-json\/wp\/v2\/product_cat?post=712175"},{"taxonomy":"product_tag","embeddable":true,"href":"https:\/\/streetmarkets.fr\/app\/wp-json\/wp\/v2\/product_tag?post=712175"}],"curies":[{"name":"wp","href":"https:\/\/api.w.org\/{rel}","templated":true}]}}