{"id":712150,"date":"2024-10-15T17:46:56","date_gmt":"2024-10-15T15:46:56","guid":{"rendered":"https:\/\/streetmarkets.fr\/app\/produit\/mitaines-tamara-en-cachemire-recycle-rifo\/"},"modified":"2026-05-06T01:43:22","modified_gmt":"2026-05-05T23:43:22","slug":"mitaines-tamara-en-cachemire-recycle-rifo","status":"publish","type":"product","link":"https:\/\/streetmarkets.fr\/app\/produit\/mitaines-tamara-en-cachemire-recycle-rifo\/","title":{"rendered":"Mitaines Tamara en cachemire recycl\u00e9 Rifo"},"content":{"rendered":"<p>mitaines longues<\/p>\n<ul>\n<li>95% <strong>cachemire\u00a0recycl\u00e9<\/strong>\u00a05% laine recycl\u00e9e<\/li>\n<li>disponibles dans plusieurs coloris<\/li>\n<li>tricot\u00e9es dans un atelier en <strong>Toscane<\/strong> (Italie) \u00e0 partir de fils recycl\u00e9s certifi\u00e9s<\/li>\n<li>lavage \u00e0 la main recommand\u00e9<\/li>\n<li><strong>\u00e9conomie circulaire<\/strong><\/li>\n<li>marque italienne <strong>Rifo<\/strong>\n<\/li>\n<\/ul>\n<p>Les mitaines sont assorties aux <a title=\"bonnet Marcello unisexe en cachemire recycl\u00e9 Rifo'\" href=\"https:\/\/lesouriremulticolore.com\/collections\/bonnets\/products\/bonnet-marcello-en-cachemire-recycle-rifo\">bonnets <strong>Marcello<\/strong><\/a> de la collection<\/p>\n","protected":false},"excerpt":{"rendered":"<p>mitaines longues 95% cachemire\u00a0recycl\u00e9\u00a05% laine recycl\u00e9e disponibles dans plusieurs coloris tricot\u00e9es dans un atelier en Toscane (Italie) \u00e0 partir de fils recycl\u00e9s certifi\u00e9s lavage \u00e0 la main recommand\u00e9 \u00e9conomie circulaire marque italienne Rifo Les mitaines sont assorties aux bonnets Marcello de la collection<\/p>\n","protected":false},"featured_media":712151,"comment_status":"open","ping_status":"closed","template":"","meta":[],"product_brand":[],"product_cat":[1756,1764],"product_tag":[1810],"acf":[],"_links":{"self":[{"href":"https:\/\/streetmarkets.fr\/app\/wp-json\/wp\/v2\/product\/712150"}],"collection":[{"href":"https:\/\/streetmarkets.fr\/app\/wp-json\/wp\/v2\/product"}],"about":[{"href":"https:\/\/streetmarkets.fr\/app\/wp-json\/wp\/v2\/types\/product"}],"replies":[{"embeddable":true,"href":"https:\/\/streetmarkets.fr\/app\/wp-json\/wp\/v2\/comments?post=712150"}],"wp:featuredmedia":[{"embeddable":true,"href":"https:\/\/streetmarkets.fr\/app\/wp-json\/wp\/v2\/media\/712151"}],"wp:attachment":[{"href":"https:\/\/streetmarkets.fr\/app\/wp-json\/wp\/v2\/media?parent=712150"}],"wp:term":[{"taxonomy":"product_brand","embeddable":true,"href":"https:\/\/streetmarkets.fr\/app\/wp-json\/wp\/v2\/product_brand?post=712150"},{"taxonomy":"product_cat","embeddable":true,"href":"https:\/\/streetmarkets.fr\/app\/wp-json\/wp\/v2\/product_cat?post=712150"},{"taxonomy":"product_tag","embeddable":true,"href":"https:\/\/streetmarkets.fr\/app\/wp-json\/wp\/v2\/product_tag?post=712150"}],"curies":[{"name":"wp","href":"https:\/\/api.w.org\/{rel}","templated":true}]}}